{"id":72,"date":"2019-10-18T08:53:46","date_gmt":"2019-10-18T06:53:46","guid":{"rendered":"http:\/\/www.qigong-joie-vitalite.com\/?page_id=72"},"modified":"2026-01-08T09:26:35","modified_gmt":"2026-01-08T08:26:35","slug":"qi-gong-joie-et-vitalite","status":"publish","type":"page","link":"https:\/\/www.qigong-joie-vitalite.com\/","title":{"rendered":"QI GONG PARIS"},"content":{"rendered":"\n<h1 style=\"text-align: center;\">Vous \u00eates sur le site internet de J\u00e9r\u00f4me Quet \u4fe1\u5143 professeur de Qi Gong.<\/h1>\n<h1 style=\"text-align: center;\">J\u00e9r\u00f4me pratique et \u00e9tudie depuis plus de quarante-cinq ans avec ses enseignants et ma\u00eetres tao\u00efstes Chinois.<\/h1>\n<h1 style=\"text-align: center;\">Il enseigne le Qi Gong Ancien, est Praticien en M\u00e9decine Chinoise et en Qi Gong de sant\u00e9 ainsi que professeur d\u2019Arts Martiaux.<\/h1>\n\n\n\n<div style=\"height:92px\" aria-hidden=\"true\" class=\"wp-block-spacer\"><\/div>\n\n\n\n<h3 style=\"text-align: center;\"><strong><span style=\"background-color: #ffffff; color: #566e7c;\">les pratiques hebdomadaires<\/span><br><\/strong><\/h3>\n\n\n\n<div style=\"height:30px\" aria-hidden=\"true\" class=\"wp-block-spacer\"><\/div>\n\n\n\n<div class=\"wp-block-columns is-layout-flex wp-container-core-columns-is-layout-9d6595d7 wp-block-columns-is-layout-flex\">\n<div class=\"wp-block-column is-layout-flow wp-block-column-is-layout-flow\">\n<p style=\"text-align: center;\"><strong>Cours de Qi Gong Ancien<\/strong><\/p>\n<p style=\"text-align: center;\">Le Lundi et le jeudi de 20h \u00e0 21H3O<\/p>\n<\/div>\n\n\n\n<div class=\"wp-block-column is-layout-flow wp-block-column-is-layout-flow\">\n<p style=\"text-align: center;\"><strong>Master Classes de Qi Gong Ancien<\/strong><\/p>\n<p style=\"text-align: center;\">Le dimanche de 9h30 \u00e0 13H30<\/p>\n<\/div>\n\n\n\n<div class=\"wp-block-column is-layout-flow wp-block-column-is-layout-flow\">\n<p style=\"text-align: center;\"><strong>S\u00e9ances de M\u00e9ditation<\/strong><\/p>\n<p style=\"text-align: center;\">Le mardi matin de 6H30 \u00e0 7H40<\/p>\n<p style=\"text-align: center;\">Le mercredi soir de 21H30 \u00e0 22h30<\/p>\n<\/div>\n<\/div>\n\n\n\n<div style=\"height:30px\" aria-hidden=\"true\" class=\"wp-block-spacer\"><\/div>\n\n\n\n<div style=\"height:30px\" aria-hidden=\"true\" class=\"wp-block-spacer\"><\/div>\n\n\n<div class=\"wp-block-image is-style-default wp-duotone-unset-1\">\n<figure class=\"aligncenter size-full\"><img loading=\"lazy\" decoding=\"async\" width=\"487\" height=\"354\" src=\"https:\/\/www.qigong-joie-vitalite.com\/wp-content\/uploads\/2026\/01\/Master-Classe-01-2026-e1767860788259.jpg\" alt=\"\" class=\"wp-image-1119\" style=\"aspect-ratio:1.3333333333333333;object-fit:cover\" srcset=\"https:\/\/www.qigong-joie-vitalite.com\/wp-content\/uploads\/2026\/01\/Master-Classe-01-2026-e1767860788259.jpg 487w, https:\/\/www.qigong-joie-vitalite.com\/wp-content\/uploads\/2026\/01\/Master-Classe-01-2026-e1767860788259-300x218.jpg 300w\" sizes=\"auto, (max-width: 487px) 100vw, 487px\" \/><\/figure><\/div>\n\n\n<p style=\"text-align: center;\">Enseignement en visio et en pr\u00e9sentiel<\/p>\n<p style=\"text-align: center;\">Pour en savoir plus ou vous inscrire :<\/p>\n<p>\u00a0<\/p>\n<p style=\"text-align: center;\">+33 (0)7 82 26 47 64<\/p>\n<p style=\"text-align: center;\">ou<\/p>\n<p style=\"text-align: center;\">jerome.quet@gmail.com<\/p>\n<p>\u00a0<\/p>\n<p>\u00a0<\/p>\n","protected":false},"excerpt":{"rendered":"<p>Vous \u00eates sur le site internet de J\u00e9r\u00f4me Quet \u4fe1\u5143 professeur de Qi Gong. J\u00e9r\u00f4me pratique et \u00e9tudie depuis plus de quarante-cinq ans avec ses enseignants et ma\u00eetres tao\u00efstes Chinois. Il enseigne le Qi Gong Ancien, est Praticien en M\u00e9decine Chinoise et en Qi Gong de sant\u00e9 ainsi que professeur d\u2019Arts Martiaux. les pratiques hebdomadaires &hellip; <\/p>\n<p class=\"link-more\"><a href=\"https:\/\/www.qigong-joie-vitalite.com\/\" class=\"more-link\">Continuer la lecture<span class=\"screen-reader-text\"> de &laquo;&nbsp;QI GONG PARIS&nbsp;&raquo;<\/span><\/a><\/p>\n","protected":false},"author":1,"featured_media":204,"parent":0,"menu_order":0,"comment_status":"closed","ping_status":"closed","template":"","meta":{"footnotes":""},"class_list":["post-72","page","type-page","status-publish","has-post-thumbnail","hentry"],"yoast_head":"<!-- This site is optimized with the Yoast SEO plugin v25.2 - https:\/\/yoast.com\/wordpress\/plugins\/seo\/ -->\n<title>QI GONG PARIS - Qi Gong<\/title>\n<meta name=\"description\" content=\"J\u00e9r\u00f4me Quet pratique et enseigne le Qi Gong Ancien \u00e0 Barcelone. Master Classes et stages dans toute l\u2019Europe.\" \/>\n<meta name=\"robots\" content=\"index, follow, max-snippet:-1, max-image-preview:large, max-video-preview:-1\" \/>\n<link rel=\"canonical\" href=\"https:\/\/www.qigong-joie-vitalite.com\/\" \/>\n<meta property=\"og:locale\" content=\"fr_FR\" \/>\n<meta property=\"og:type\" content=\"article\" \/>\n<meta property=\"og:title\" content=\"QI GONG PARIS - Qi Gong\" \/>\n<meta property=\"og:description\" content=\"J\u00e9r\u00f4me Quet pratique et enseigne le Qi Gong Ancien \u00e0 Barcelone. Master Classes et stages dans toute l\u2019Europe.\" \/>\n<meta property=\"og:url\" content=\"https:\/\/www.qigong-joie-vitalite.com\/\" \/>\n<meta property=\"og:site_name\" content=\"Qi Gong\" \/>\n<meta property=\"article:modified_time\" content=\"2026-01-08T08:26:35+00:00\" \/>\n<meta property=\"og:image\" content=\"https:\/\/www.qigong-joie-vitalite.com\/wp-content\/uploads\/2019\/11\/qi-gong-neuillysurseine.png\" \/>\n\t<meta property=\"og:image:width\" content=\"1200\" \/>\n\t<meta property=\"og:image:height\" content=\"598\" \/>\n\t<meta property=\"og:image:type\" content=\"image\/png\" \/>\n<meta name=\"twitter:card\" content=\"summary_large_image\" \/>\n<meta name=\"twitter:label1\" content=\"Dur\u00e9e de lecture estim\u00e9e\" \/>\n\t<meta name=\"twitter:data1\" content=\"2 minutes\" \/>\n<script type=\"application\/ld+json\" class=\"yoast-schema-graph\">{\"@context\":\"https:\/\/schema.org\",\"@graph\":[{\"@type\":\"WebPage\",\"@id\":\"https:\/\/www.qigong-joie-vitalite.com\/\",\"url\":\"https:\/\/www.qigong-joie-vitalite.com\/\",\"name\":\"QI GONG PARIS - Qi Gong\",\"isPartOf\":{\"@id\":\"https:\/\/www.qigong-joie-vitalite.com\/#website\"},\"primaryImageOfPage\":{\"@id\":\"https:\/\/www.qigong-joie-vitalite.com\/#primaryimage\"},\"image\":{\"@id\":\"https:\/\/www.qigong-joie-vitalite.com\/#primaryimage\"},\"thumbnailUrl\":\"https:\/\/www.qigong-joie-vitalite.com\/wp-content\/uploads\/2019\/11\/qi-gong-neuillysurseine.png\",\"datePublished\":\"2019-10-18T06:53:46+00:00\",\"dateModified\":\"2026-01-08T08:26:35+00:00\",\"description\":\"J\u00e9r\u00f4me Quet pratique et enseigne le Qi Gong Ancien \u00e0 Barcelone. Master Classes et stages dans toute l\u2019Europe.\",\"breadcrumb\":{\"@id\":\"https:\/\/www.qigong-joie-vitalite.com\/#breadcrumb\"},\"inLanguage\":\"fr-FR\",\"potentialAction\":[{\"@type\":\"ReadAction\",\"target\":[\"https:\/\/www.qigong-joie-vitalite.com\/\"]}]},{\"@type\":\"ImageObject\",\"inLanguage\":\"fr-FR\",\"@id\":\"https:\/\/www.qigong-joie-vitalite.com\/#primaryimage\",\"url\":\"https:\/\/www.qigong-joie-vitalite.com\/wp-content\/uploads\/2019\/11\/qi-gong-neuillysurseine.png\",\"contentUrl\":\"https:\/\/www.qigong-joie-vitalite.com\/wp-content\/uploads\/2019\/11\/qi-gong-neuillysurseine.png\",\"width\":1200,\"height\":598},{\"@type\":\"BreadcrumbList\",\"@id\":\"https:\/\/www.qigong-joie-vitalite.com\/#breadcrumb\",\"itemListElement\":[{\"@type\":\"ListItem\",\"position\":1,\"name\":\"Accueil\",\"item\":\"https:\/\/www.qigong-joie-vitalite.com\/\"},{\"@type\":\"ListItem\",\"position\":2,\"name\":\"QI GONG PARIS\"}]},{\"@type\":\"WebSite\",\"@id\":\"https:\/\/www.qigong-joie-vitalite.com\/#website\",\"url\":\"https:\/\/www.qigong-joie-vitalite.com\/\",\"name\":\"Qi Gong\",\"description\":\"JOIE &amp; VITALITE\u00ae\",\"publisher\":{\"@id\":\"https:\/\/www.qigong-joie-vitalite.com\/#organization\"},\"potentialAction\":[{\"@type\":\"SearchAction\",\"target\":{\"@type\":\"EntryPoint\",\"urlTemplate\":\"https:\/\/www.qigong-joie-vitalite.com\/?s={search_term_string}\"},\"query-input\":{\"@type\":\"PropertyValueSpecification\",\"valueRequired\":true,\"valueName\":\"search_term_string\"}}],\"inLanguage\":\"fr-FR\"},{\"@type\":\"Organization\",\"@id\":\"https:\/\/www.qigong-joie-vitalite.com\/#organization\",\"name\":\"Qi Gong\",\"url\":\"https:\/\/www.qigong-joie-vitalite.com\/\",\"logo\":{\"@type\":\"ImageObject\",\"inLanguage\":\"fr-FR\",\"@id\":\"https:\/\/www.qigong-joie-vitalite.com\/#\/schema\/logo\/image\/\",\"url\":\"https:\/\/www.qigong-joie-vitalite.com\/wp-content\/uploads\/2019\/10\/cropped-qigong_cn.png\",\"contentUrl\":\"https:\/\/www.qigong-joie-vitalite.com\/wp-content\/uploads\/2019\/10\/cropped-qigong_cn.png\",\"width\":528,\"height\":250,\"caption\":\"Qi Gong\"},\"image\":{\"@id\":\"https:\/\/www.qigong-joie-vitalite.com\/#\/schema\/logo\/image\/\"}}]}<\/script>\n<!-- \/ Yoast SEO plugin. -->","yoast_head_json":{"title":"QI GONG PARIS - Qi Gong","description":"J\u00e9r\u00f4me Quet pratique et enseigne le Qi Gong Ancien \u00e0 Barcelone. Master Classes et stages dans toute l\u2019Europe.","robots":{"index":"index","follow":"follow","max-snippet":"max-snippet:-1","max-image-preview":"max-image-preview:large","max-video-preview":"max-video-preview:-1"},"canonical":"https:\/\/www.qigong-joie-vitalite.com\/","og_locale":"fr_FR","og_type":"article","og_title":"QI GONG PARIS - Qi Gong","og_description":"J\u00e9r\u00f4me Quet pratique et enseigne le Qi Gong Ancien \u00e0 Barcelone. Master Classes et stages dans toute l\u2019Europe.","og_url":"https:\/\/www.qigong-joie-vitalite.com\/","og_site_name":"Qi Gong","article_modified_time":"2026-01-08T08:26:35+00:00","og_image":[{"width":1200,"height":598,"url":"https:\/\/www.qigong-joie-vitalite.com\/wp-content\/uploads\/2019\/11\/qi-gong-neuillysurseine.png","type":"image\/png"}],"twitter_card":"summary_large_image","twitter_misc":{"Dur\u00e9e de lecture estim\u00e9e":"2 minutes"},"schema":{"@context":"https:\/\/schema.org","@graph":[{"@type":"WebPage","@id":"https:\/\/www.qigong-joie-vitalite.com\/","url":"https:\/\/www.qigong-joie-vitalite.com\/","name":"QI GONG PARIS - Qi Gong","isPartOf":{"@id":"https:\/\/www.qigong-joie-vitalite.com\/#website"},"primaryImageOfPage":{"@id":"https:\/\/www.qigong-joie-vitalite.com\/#primaryimage"},"image":{"@id":"https:\/\/www.qigong-joie-vitalite.com\/#primaryimage"},"thumbnailUrl":"https:\/\/www.qigong-joie-vitalite.com\/wp-content\/uploads\/2019\/11\/qi-gong-neuillysurseine.png","datePublished":"2019-10-18T06:53:46+00:00","dateModified":"2026-01-08T08:26:35+00:00","description":"J\u00e9r\u00f4me Quet pratique et enseigne le Qi Gong Ancien \u00e0 Barcelone. Master Classes et stages dans toute l\u2019Europe.","breadcrumb":{"@id":"https:\/\/www.qigong-joie-vitalite.com\/#breadcrumb"},"inLanguage":"fr-FR","potentialAction":[{"@type":"ReadAction","target":["https:\/\/www.qigong-joie-vitalite.com\/"]}]},{"@type":"ImageObject","inLanguage":"fr-FR","@id":"https:\/\/www.qigong-joie-vitalite.com\/#primaryimage","url":"https:\/\/www.qigong-joie-vitalite.com\/wp-content\/uploads\/2019\/11\/qi-gong-neuillysurseine.png","contentUrl":"https:\/\/www.qigong-joie-vitalite.com\/wp-content\/uploads\/2019\/11\/qi-gong-neuillysurseine.png","width":1200,"height":598},{"@type":"BreadcrumbList","@id":"https:\/\/www.qigong-joie-vitalite.com\/#breadcrumb","itemListElement":[{"@type":"ListItem","position":1,"name":"Accueil","item":"https:\/\/www.qigong-joie-vitalite.com\/"},{"@type":"ListItem","position":2,"name":"QI GONG PARIS"}]},{"@type":"WebSite","@id":"https:\/\/www.qigong-joie-vitalite.com\/#website","url":"https:\/\/www.qigong-joie-vitalite.com\/","name":"Qi Gong","description":"JOIE &amp; VITALITE\u00ae","publisher":{"@id":"https:\/\/www.qigong-joie-vitalite.com\/#organization"},"potentialAction":[{"@type":"SearchAction","target":{"@type":"EntryPoint","urlTemplate":"https:\/\/www.qigong-joie-vitalite.com\/?s={search_term_string}"},"query-input":{"@type":"PropertyValueSpecification","valueRequired":true,"valueName":"search_term_string"}}],"inLanguage":"fr-FR"},{"@type":"Organization","@id":"https:\/\/www.qigong-joie-vitalite.com\/#organization","name":"Qi Gong","url":"https:\/\/www.qigong-joie-vitalite.com\/","logo":{"@type":"ImageObject","inLanguage":"fr-FR","@id":"https:\/\/www.qigong-joie-vitalite.com\/#\/schema\/logo\/image\/","url":"https:\/\/www.qigong-joie-vitalite.com\/wp-content\/uploads\/2019\/10\/cropped-qigong_cn.png","contentUrl":"https:\/\/www.qigong-joie-vitalite.com\/wp-content\/uploads\/2019\/10\/cropped-qigong_cn.png","width":528,"height":250,"caption":"Qi Gong"},"image":{"@id":"https:\/\/www.qigong-joie-vitalite.com\/#\/schema\/logo\/image\/"}}]}},"_links":{"self":[{"href":"https:\/\/www.qigong-joie-vitalite.com\/index.php\/wp-json\/wp\/v2\/pages\/72","targetHints":{"allow":["GET"]}}],"collection":[{"href":"https:\/\/www.qigong-joie-vitalite.com\/index.php\/wp-json\/wp\/v2\/pages"}],"about":[{"href":"https:\/\/www.qigong-joie-vitalite.com\/index.php\/wp-json\/wp\/v2\/types\/page"}],"author":[{"embeddable":true,"href":"https:\/\/www.qigong-joie-vitalite.com\/index.php\/wp-json\/wp\/v2\/users\/1"}],"replies":[{"embeddable":true,"href":"https:\/\/www.qigong-joie-vitalite.com\/index.php\/wp-json\/wp\/v2\/comments?post=72"}],"version-history":[{"count":157,"href":"https:\/\/www.qigong-joie-vitalite.com\/index.php\/wp-json\/wp\/v2\/pages\/72\/revisions"}],"predecessor-version":[{"id":1127,"href":"https:\/\/www.qigong-joie-vitalite.com\/index.php\/wp-json\/wp\/v2\/pages\/72\/revisions\/1127"}],"wp:featuredmedia":[{"embeddable":true,"href":"https:\/\/www.qigong-joie-vitalite.com\/index.php\/wp-json\/wp\/v2\/media\/204"}],"wp:attachment":[{"href":"https:\/\/www.qigong-joie-vitalite.com\/index.php\/wp-json\/wp\/v2\/media?parent=72"}],"curies":[{"name":"wp","href":"https:\/\/api.w.org\/{rel}","templated":true}]}}