{"id":673,"date":"2021-05-27T18:40:28","date_gmt":"2021-05-27T16:40:28","guid":{"rendered":"https:\/\/www.qigong-joie-vitalite.com\/?page_id=673"},"modified":"2021-05-28T12:09:52","modified_gmt":"2021-05-28T10:09:52","slug":"qi-gong-2","status":"publish","type":"page","link":"https:\/\/www.qigong-joie-vitalite.com\/index.php\/es\/qi-gong-2\/","title":{"rendered":"QI Gong"},"content":{"rendered":"\n<p style=\"text-align: center;\">Qi Gong (pronunciar T\u00b4chi o T\u00b4si Kong) es una pr\u00e1ctica de preservaci\u00f3n y de restauraci\u00f3n de la salud cada vez mas reconocida por su eficacia. Qi Gong significa: \u00abla pr\u00e1ctica sobre el Qi\u00bb. Es un arte de vivir y de vivir mejor que ha aparecido en la China Antigua. Se transmite desde aquellos tiempos antiguos directamente desde un profesor hacia su alumno. Esta basado sobre la cultura del Qi, este soplo energ\u00e9tico primero, esta energ\u00eda vital natural, esta fuente original y universal.<\/p>\n<p>\u00a0<\/p>\n<p style=\"text-align: center;\">J\u00e9r\u00f4me Quet, profesor de Qi Gong Antiguo, transmite en cada sesi\u00f3n ejercicios f\u00edsicos, est\u00e1ticos y suaves, flexibles, din\u00e1micos y progresivos y tambi\u00e9n sutiles meditaciones. A trav\u00e9s de cada etapa el practicante progresa a su ritmo en su arte del Qi, el cuerpo se ablanda y se refuerza, la mente se calma, el esp\u00edritu se aclara y la calidad de vida aumenta.<\/p>\n<p>\u00a0<\/p>\n<p style=\"text-align: center;\">La pr\u00e1ctica del Qi Gong es una fuente infinita de benevolencia y de amistad, una fuente de armon\u00eda en las relaciones humanas pero tambi\u00e9n en las relaciones de cada humano con la naturaleza y con su propia naturaleza.<\/p>\n","protected":false},"excerpt":{"rendered":"<p>Qi Gong (pronunciar T\u00b4chi o T\u00b4si Kong) es una pr\u00e1ctica de preservaci\u00f3n y de restauraci\u00f3n de la salud cada vez mas reconocida por su eficacia. Qi Gong significa: \u00abla pr\u00e1ctica sobre el Qi\u00bb. Es un arte de vivir y de vivir mejor que ha aparecido en la China Antigua. Se transmite desde aquellos tiempos antiguos &hellip; <\/p>\n<p class=\"link-more\"><a href=\"https:\/\/www.qigong-joie-vitalite.com\/index.php\/es\/qi-gong-2\/\" class=\"more-link\">Continuer la lecture<span class=\"screen-reader-text\"> de &laquo;&nbsp;QI Gong&nbsp;&raquo;<\/span><\/a><\/p>\n","protected":false},"author":1,"featured_media":0,"parent":0,"menu_order":0,"comment_status":"closed","ping_status":"closed","template":"","meta":{"footnotes":""},"class_list":["post-673","page","type-page","status-publish","hentry"],"yoast_head":"<!-- This site is optimized with the Yoast SEO plugin v25.2 - https:\/\/yoast.com\/wordpress\/plugins\/seo\/ -->\n<title>QI Gong - Qi Gong<\/title>\n<meta name=\"robots\" content=\"index, follow, max-snippet:-1, max-image-preview:large, max-video-preview:-1\" \/>\n<link rel=\"canonical\" href=\"https:\/\/www.qigong-joie-vitalite.com\/index.php\/es\/qi-gong-2\/\" \/>\n<meta property=\"og:locale\" content=\"fr_FR\" \/>\n<meta property=\"og:type\" content=\"article\" \/>\n<meta property=\"og:title\" content=\"QI Gong - Qi Gong\" \/>\n<meta property=\"og:description\" content=\"Qi Gong (pronunciar T\u00b4chi o T\u00b4si Kong) es una pr\u00e1ctica de preservaci\u00f3n y de restauraci\u00f3n de la salud cada vez mas reconocida por su eficacia. Qi Gong significa: \u00abla pr\u00e1ctica sobre el Qi\u00bb. Es un arte de vivir y de vivir mejor que ha aparecido en la China Antigua. Se transmite desde aquellos tiempos antiguos &hellip; Continuer la lecture de &laquo;&nbsp;QI Gong&nbsp;&raquo;\" \/>\n<meta property=\"og:url\" content=\"https:\/\/www.qigong-joie-vitalite.com\/index.php\/es\/qi-gong-2\/\" \/>\n<meta property=\"og:site_name\" content=\"Qi Gong\" \/>\n<meta property=\"article:modified_time\" content=\"2021-05-28T10:09:52+00:00\" \/>\n<meta name=\"twitter:card\" content=\"summary_large_image\" \/>\n<meta name=\"twitter:label1\" content=\"Dur\u00e9e de lecture estim\u00e9e\" \/>\n\t<meta name=\"twitter:data1\" content=\"1 minute\" \/>\n<script type=\"application\/ld+json\" class=\"yoast-schema-graph\">{\"@context\":\"https:\/\/schema.org\",\"@graph\":[{\"@type\":\"WebPage\",\"@id\":\"https:\/\/www.qigong-joie-vitalite.com\/index.php\/es\/qi-gong-2\/\",\"url\":\"https:\/\/www.qigong-joie-vitalite.com\/index.php\/es\/qi-gong-2\/\",\"name\":\"QI Gong - Qi Gong\",\"isPartOf\":{\"@id\":\"https:\/\/www.qigong-joie-vitalite.com\/#website\"},\"datePublished\":\"2021-05-27T16:40:28+00:00\",\"dateModified\":\"2021-05-28T10:09:52+00:00\",\"breadcrumb\":{\"@id\":\"https:\/\/www.qigong-joie-vitalite.com\/index.php\/es\/qi-gong-2\/#breadcrumb\"},\"inLanguage\":\"fr-FR\",\"potentialAction\":[{\"@type\":\"ReadAction\",\"target\":[\"https:\/\/www.qigong-joie-vitalite.com\/index.php\/es\/qi-gong-2\/\"]}]},{\"@type\":\"BreadcrumbList\",\"@id\":\"https:\/\/www.qigong-joie-vitalite.com\/index.php\/es\/qi-gong-2\/#breadcrumb\",\"itemListElement\":[{\"@type\":\"ListItem\",\"position\":1,\"name\":\"Accueil\",\"item\":\"https:\/\/www.qigong-joie-vitalite.com\/\"},{\"@type\":\"ListItem\",\"position\":2,\"name\":\"QI Gong\"}]},{\"@type\":\"WebSite\",\"@id\":\"https:\/\/www.qigong-joie-vitalite.com\/#website\",\"url\":\"https:\/\/www.qigong-joie-vitalite.com\/\",\"name\":\"Qi Gong\",\"description\":\"JOIE &amp; VITALITE\u00ae\",\"publisher\":{\"@id\":\"https:\/\/www.qigong-joie-vitalite.com\/#organization\"},\"potentialAction\":[{\"@type\":\"SearchAction\",\"target\":{\"@type\":\"EntryPoint\",\"urlTemplate\":\"https:\/\/www.qigong-joie-vitalite.com\/?s={search_term_string}\"},\"query-input\":{\"@type\":\"PropertyValueSpecification\",\"valueRequired\":true,\"valueName\":\"search_term_string\"}}],\"inLanguage\":\"fr-FR\"},{\"@type\":\"Organization\",\"@id\":\"https:\/\/www.qigong-joie-vitalite.com\/#organization\",\"name\":\"Qi Gong\",\"url\":\"https:\/\/www.qigong-joie-vitalite.com\/\",\"logo\":{\"@type\":\"ImageObject\",\"inLanguage\":\"fr-FR\",\"@id\":\"https:\/\/www.qigong-joie-vitalite.com\/#\/schema\/logo\/image\/\",\"url\":\"https:\/\/www.qigong-joie-vitalite.com\/wp-content\/uploads\/2019\/10\/cropped-qigong_cn.png\",\"contentUrl\":\"https:\/\/www.qigong-joie-vitalite.com\/wp-content\/uploads\/2019\/10\/cropped-qigong_cn.png\",\"width\":528,\"height\":250,\"caption\":\"Qi Gong\"},\"image\":{\"@id\":\"https:\/\/www.qigong-joie-vitalite.com\/#\/schema\/logo\/image\/\"}}]}<\/script>\n<!-- \/ Yoast SEO plugin. -->","yoast_head_json":{"title":"QI Gong - Qi Gong","robots":{"index":"index","follow":"follow","max-snippet":"max-snippet:-1","max-image-preview":"max-image-preview:large","max-video-preview":"max-video-preview:-1"},"canonical":"https:\/\/www.qigong-joie-vitalite.com\/index.php\/es\/qi-gong-2\/","og_locale":"fr_FR","og_type":"article","og_title":"QI Gong - Qi Gong","og_description":"Qi Gong (pronunciar T\u00b4chi o T\u00b4si Kong) es una pr\u00e1ctica de preservaci\u00f3n y de restauraci\u00f3n de la salud cada vez mas reconocida por su eficacia. Qi Gong significa: \u00abla pr\u00e1ctica sobre el Qi\u00bb. Es un arte de vivir y de vivir mejor que ha aparecido en la China Antigua. Se transmite desde aquellos tiempos antiguos &hellip; Continuer la lecture de &laquo;&nbsp;QI Gong&nbsp;&raquo;","og_url":"https:\/\/www.qigong-joie-vitalite.com\/index.php\/es\/qi-gong-2\/","og_site_name":"Qi Gong","article_modified_time":"2021-05-28T10:09:52+00:00","twitter_card":"summary_large_image","twitter_misc":{"Dur\u00e9e de lecture estim\u00e9e":"1 minute"},"schema":{"@context":"https:\/\/schema.org","@graph":[{"@type":"WebPage","@id":"https:\/\/www.qigong-joie-vitalite.com\/index.php\/es\/qi-gong-2\/","url":"https:\/\/www.qigong-joie-vitalite.com\/index.php\/es\/qi-gong-2\/","name":"QI Gong - Qi Gong","isPartOf":{"@id":"https:\/\/www.qigong-joie-vitalite.com\/#website"},"datePublished":"2021-05-27T16:40:28+00:00","dateModified":"2021-05-28T10:09:52+00:00","breadcrumb":{"@id":"https:\/\/www.qigong-joie-vitalite.com\/index.php\/es\/qi-gong-2\/#breadcrumb"},"inLanguage":"fr-FR","potentialAction":[{"@type":"ReadAction","target":["https:\/\/www.qigong-joie-vitalite.com\/index.php\/es\/qi-gong-2\/"]}]},{"@type":"BreadcrumbList","@id":"https:\/\/www.qigong-joie-vitalite.com\/index.php\/es\/qi-gong-2\/#breadcrumb","itemListElement":[{"@type":"ListItem","position":1,"name":"Accueil","item":"https:\/\/www.qigong-joie-vitalite.com\/"},{"@type":"ListItem","position":2,"name":"QI Gong"}]},{"@type":"WebSite","@id":"https:\/\/www.qigong-joie-vitalite.com\/#website","url":"https:\/\/www.qigong-joie-vitalite.com\/","name":"Qi Gong","description":"JOIE &amp; VITALITE\u00ae","publisher":{"@id":"https:\/\/www.qigong-joie-vitalite.com\/#organization"},"potentialAction":[{"@type":"SearchAction","target":{"@type":"EntryPoint","urlTemplate":"https:\/\/www.qigong-joie-vitalite.com\/?s={search_term_string}"},"query-input":{"@type":"PropertyValueSpecification","valueRequired":true,"valueName":"search_term_string"}}],"inLanguage":"fr-FR"},{"@type":"Organization","@id":"https:\/\/www.qigong-joie-vitalite.com\/#organization","name":"Qi Gong","url":"https:\/\/www.qigong-joie-vitalite.com\/","logo":{"@type":"ImageObject","inLanguage":"fr-FR","@id":"https:\/\/www.qigong-joie-vitalite.com\/#\/schema\/logo\/image\/","url":"https:\/\/www.qigong-joie-vitalite.com\/wp-content\/uploads\/2019\/10\/cropped-qigong_cn.png","contentUrl":"https:\/\/www.qigong-joie-vitalite.com\/wp-content\/uploads\/2019\/10\/cropped-qigong_cn.png","width":528,"height":250,"caption":"Qi Gong"},"image":{"@id":"https:\/\/www.qigong-joie-vitalite.com\/#\/schema\/logo\/image\/"}}]}},"_links":{"self":[{"href":"https:\/\/www.qigong-joie-vitalite.com\/index.php\/wp-json\/wp\/v2\/pages\/673","targetHints":{"allow":["GET"]}}],"collection":[{"href":"https:\/\/www.qigong-joie-vitalite.com\/index.php\/wp-json\/wp\/v2\/pages"}],"about":[{"href":"https:\/\/www.qigong-joie-vitalite.com\/index.php\/wp-json\/wp\/v2\/types\/page"}],"author":[{"embeddable":true,"href":"https:\/\/www.qigong-joie-vitalite.com\/index.php\/wp-json\/wp\/v2\/users\/1"}],"replies":[{"embeddable":true,"href":"https:\/\/www.qigong-joie-vitalite.com\/index.php\/wp-json\/wp\/v2\/comments?post=673"}],"version-history":[{"count":2,"href":"https:\/\/www.qigong-joie-vitalite.com\/index.php\/wp-json\/wp\/v2\/pages\/673\/revisions"}],"predecessor-version":[{"id":692,"href":"https:\/\/www.qigong-joie-vitalite.com\/index.php\/wp-json\/wp\/v2\/pages\/673\/revisions\/692"}],"wp:attachment":[{"href":"https:\/\/www.qigong-joie-vitalite.com\/index.php\/wp-json\/wp\/v2\/media?parent=673"}],"curies":[{"name":"wp","href":"https:\/\/api.w.org\/{rel}","templated":true}]}}