{"id":444,"date":"2020-03-30T14:46:25","date_gmt":"2020-03-30T12:46:25","guid":{"rendered":"https:\/\/www.qigong-joie-vitalite.com\/?page_id=444"},"modified":"2020-03-30T15:08:19","modified_gmt":"2020-03-30T13:08:19","slug":"la-practica","status":"publish","type":"page","link":"https:\/\/www.qigong-joie-vitalite.com\/index.php\/ca\/la-practica\/","title":{"rendered":"La pr\u00e0ctica catalan"},"content":{"rendered":"\n<div class=\"wp-block-columns is-layout-flex wp-container-core-columns-is-layout-9d6595d7 wp-block-columns-is-layout-flex\">\n<div class=\"wp-block-column is-layout-flow wp-block-column-is-layout-flow\">\n<h1>El present, en aquest mateix moment, \u00e9s sempre el bon lloc, aquest lloc just, \u00fanic retorn cap a un mateix&nbsp; per comen\u00e7ar a practicar. Aix\u00ed de senzill&nbsp;!<\/h1>\n<p>&nbsp;<\/p>\n<p>Cadasc\u00fa pot practicar el Qi Gong. Aquesta \u00e9s la veritat.<\/p>\n<p>L\u2019estat f\u00edsic i l\u2019edat no s\u00f3n barreres a la practica del Qi Gong.<\/p>\n<p>Alegria, fluidesa i adaptaci\u00f3 guien cada practicant.<\/p>\n<p>La perseveran\u00e7a ve amb suavitat.<\/p>\n<p>Nom\u00e9s \u00e9s necessari fer el primer pas per rebre les bases justes d\u2019una bona i bonica pr\u00e0ctica, i seguir practicant.<\/p>\n<p>&nbsp;<\/p>\n<\/div>\n\n\n\n<div class=\"wp-block-column is-layout-flow wp-block-column-is-layout-flow\">\n<figure class=\"wp-block-image size-large\"><img loading=\"lazy\" decoding=\"async\" width=\"500\" height=\"614\" src=\"https:\/\/www.qigong-joie-vitalite.com\/wp-content\/uploads\/2019\/11\/qi-gong-neuilly-sur-seine.png\" alt=\"\" class=\"wp-image-88\" srcset=\"https:\/\/www.qigong-joie-vitalite.com\/wp-content\/uploads\/2019\/11\/qi-gong-neuilly-sur-seine.png 500w, https:\/\/www.qigong-joie-vitalite.com\/wp-content\/uploads\/2019\/11\/qi-gong-neuilly-sur-seine-244x300.png 244w\" sizes=\"auto, (max-width: 500px) 100vw, 500px\" \/><\/figure>\n<\/div>\n<\/div>\n\n\n\n<div class=\"wp-block-columns is-layout-flex wp-container-core-columns-is-layout-9d6595d7 wp-block-columns-is-layout-flex\">\n<div class=\"wp-block-column is-layout-flow wp-block-column-is-layout-flow\">\n<h1>El que volem transmetre a la nostra escola s\u00f3n el Qi Gong i las Pr\u00e0ctiques Cl\u00e0ssiques de la Via Taoista rebudes directament de part de molts grans Mestres Taoistes Xinesos.<\/h1>\n<h1>Els seus ensenyaments justos s\u00f3n la nostra practica. \u00c9s de les seves meravelloses pr\u00e0ctiques que ve el nostre ensenayment.<\/h1>\n<p>&nbsp;<\/p>\n<ul>\n<li>Qi Gong de practiques est\u00e0tiques, posturals<\/li>\n<li>Qi Gong din\u00e0mic, en moviment i seq\u00fc\u00e8ncia flu\u00efda<\/li>\n<li>Meditacions, meditacions de la respiraci\u00f3, meditacions Taoistes de l\u2019alqu\u00edmia interna<\/li>\n<li>Passejades Sagrades del Tao \u00c0ntic<\/li>\n<li>Qi Gong per a la salut<\/li>\n<li>Qi Gong del So<\/li>\n<li>Qi Gong Marcial<\/li>\n<li>Massatges energ\u00e8tics i automassatges en relaci\u00f3 amb la temporada<\/li>\n<\/ul>\n<\/div>\n\n\n\n<div class=\"wp-block-column is-layout-flow wp-block-column-is-layout-flow\">\n<figure class=\"wp-block-image size-large\"><img loading=\"lazy\" decoding=\"async\" width=\"570\" height=\"427\" src=\"https:\/\/www.qigong-joie-vitalite.com\/wp-content\/uploads\/2019\/11\/qi-gong-jerome-quet.jpg\" alt=\"\" class=\"wp-image-103\" srcset=\"https:\/\/www.qigong-joie-vitalite.com\/wp-content\/uploads\/2019\/11\/qi-gong-jerome-quet.jpg 570w, https:\/\/www.qigong-joie-vitalite.com\/wp-content\/uploads\/2019\/11\/qi-gong-jerome-quet-300x225.jpg 300w\" sizes=\"auto, (max-width: 570px) 100vw, 570px\" \/><\/figure>\n<\/div>\n<\/div>\n","protected":false},"excerpt":{"rendered":"<p>El present, en aquest mateix moment, \u00e9s sempre el bon lloc, aquest lloc just, \u00fanic retorn cap a un mateix&nbsp; per comen\u00e7ar a practicar. Aix\u00ed de senzill&nbsp;! &nbsp; Cadasc\u00fa pot practicar el Qi Gong. Aquesta \u00e9s la veritat. L\u2019estat f\u00edsic i l\u2019edat no s\u00f3n barreres a la practica del Qi Gong. Alegria, fluidesa i adaptaci\u00f3 &hellip; <\/p>\n<p class=\"link-more\"><a href=\"https:\/\/www.qigong-joie-vitalite.com\/index.php\/ca\/la-practica\/\" class=\"more-link\">Continuer la lecture<span class=\"screen-reader-text\"> de &laquo;&nbsp;La pr\u00e0ctica catalan&nbsp;&raquo;<\/span><\/a><\/p>\n","protected":false},"author":1,"featured_media":0,"parent":0,"menu_order":0,"comment_status":"closed","ping_status":"closed","template":"","meta":{"footnotes":""},"class_list":["post-444","page","type-page","status-publish","hentry"],"yoast_head":"<!-- This site is optimized with the Yoast SEO plugin v25.2 - https:\/\/yoast.com\/wordpress\/plugins\/seo\/ -->\n<title>La pr\u00e0ctica catalan - Qi Gong<\/title>\n<meta name=\"description\" content=\"La pratique du Qi gong\" \/>\n<meta name=\"robots\" content=\"index, follow, max-snippet:-1, max-image-preview:large, max-video-preview:-1\" \/>\n<link rel=\"canonical\" href=\"https:\/\/www.qigong-joie-vitalite.com\/index.php\/ca\/la-practica\/\" \/>\n<meta property=\"og:locale\" content=\"fr_FR\" \/>\n<meta property=\"og:type\" content=\"article\" \/>\n<meta property=\"og:title\" content=\"La pr\u00e0ctica catalan - Qi Gong\" \/>\n<meta property=\"og:description\" content=\"La pratique du Qi gong\" \/>\n<meta property=\"og:url\" content=\"https:\/\/www.qigong-joie-vitalite.com\/index.php\/ca\/la-practica\/\" \/>\n<meta property=\"og:site_name\" content=\"Qi Gong\" \/>\n<meta property=\"article:modified_time\" content=\"2020-03-30T13:08:19+00:00\" \/>\n<meta property=\"og:image\" content=\"https:\/\/www.qigong-joie-vitalite.com\/wp-content\/uploads\/2019\/11\/qi-gong-neuilly-sur-seine.png\" \/>\n<meta name=\"twitter:card\" content=\"summary_large_image\" \/>\n<meta name=\"twitter:label1\" content=\"Dur\u00e9e de lecture estim\u00e9e\" \/>\n\t<meta name=\"twitter:data1\" content=\"1 minute\" \/>\n<script type=\"application\/ld+json\" class=\"yoast-schema-graph\">{\"@context\":\"https:\/\/schema.org\",\"@graph\":[{\"@type\":\"WebPage\",\"@id\":\"https:\/\/www.qigong-joie-vitalite.com\/index.php\/ca\/la-practica\/\",\"url\":\"https:\/\/www.qigong-joie-vitalite.com\/index.php\/ca\/la-practica\/\",\"name\":\"La pr\u00e0ctica catalan - Qi Gong\",\"isPartOf\":{\"@id\":\"https:\/\/www.qigong-joie-vitalite.com\/#website\"},\"primaryImageOfPage\":{\"@id\":\"https:\/\/www.qigong-joie-vitalite.com\/index.php\/ca\/la-practica\/#primaryimage\"},\"image\":{\"@id\":\"https:\/\/www.qigong-joie-vitalite.com\/index.php\/ca\/la-practica\/#primaryimage\"},\"thumbnailUrl\":\"https:\/\/www.qigong-joie-vitalite.com\/wp-content\/uploads\/2019\/11\/qi-gong-neuilly-sur-seine.png\",\"datePublished\":\"2020-03-30T12:46:25+00:00\",\"dateModified\":\"2020-03-30T13:08:19+00:00\",\"description\":\"La pratique du Qi gong\",\"breadcrumb\":{\"@id\":\"https:\/\/www.qigong-joie-vitalite.com\/index.php\/ca\/la-practica\/#breadcrumb\"},\"inLanguage\":\"fr-FR\",\"potentialAction\":[{\"@type\":\"ReadAction\",\"target\":[\"https:\/\/www.qigong-joie-vitalite.com\/index.php\/ca\/la-practica\/\"]}]},{\"@type\":\"ImageObject\",\"inLanguage\":\"fr-FR\",\"@id\":\"https:\/\/www.qigong-joie-vitalite.com\/index.php\/ca\/la-practica\/#primaryimage\",\"url\":\"https:\/\/www.qigong-joie-vitalite.com\/wp-content\/uploads\/2019\/11\/qi-gong-neuilly-sur-seine.png\",\"contentUrl\":\"https:\/\/www.qigong-joie-vitalite.com\/wp-content\/uploads\/2019\/11\/qi-gong-neuilly-sur-seine.png\",\"width\":500,\"height\":614},{\"@type\":\"BreadcrumbList\",\"@id\":\"https:\/\/www.qigong-joie-vitalite.com\/index.php\/ca\/la-practica\/#breadcrumb\",\"itemListElement\":[{\"@type\":\"ListItem\",\"position\":1,\"name\":\"Accueil\",\"item\":\"https:\/\/www.qigong-joie-vitalite.com\/\"},{\"@type\":\"ListItem\",\"position\":2,\"name\":\"La pr\u00e0ctica catalan\"}]},{\"@type\":\"WebSite\",\"@id\":\"https:\/\/www.qigong-joie-vitalite.com\/#website\",\"url\":\"https:\/\/www.qigong-joie-vitalite.com\/\",\"name\":\"Qi Gong\",\"description\":\"JOIE &amp; VITALITE\u00ae\",\"publisher\":{\"@id\":\"https:\/\/www.qigong-joie-vitalite.com\/#organization\"},\"potentialAction\":[{\"@type\":\"SearchAction\",\"target\":{\"@type\":\"EntryPoint\",\"urlTemplate\":\"https:\/\/www.qigong-joie-vitalite.com\/?s={search_term_string}\"},\"query-input\":{\"@type\":\"PropertyValueSpecification\",\"valueRequired\":true,\"valueName\":\"search_term_string\"}}],\"inLanguage\":\"fr-FR\"},{\"@type\":\"Organization\",\"@id\":\"https:\/\/www.qigong-joie-vitalite.com\/#organization\",\"name\":\"Qi Gong\",\"url\":\"https:\/\/www.qigong-joie-vitalite.com\/\",\"logo\":{\"@type\":\"ImageObject\",\"inLanguage\":\"fr-FR\",\"@id\":\"https:\/\/www.qigong-joie-vitalite.com\/#\/schema\/logo\/image\/\",\"url\":\"https:\/\/www.qigong-joie-vitalite.com\/wp-content\/uploads\/2019\/10\/cropped-qigong_cn.png\",\"contentUrl\":\"https:\/\/www.qigong-joie-vitalite.com\/wp-content\/uploads\/2019\/10\/cropped-qigong_cn.png\",\"width\":528,\"height\":250,\"caption\":\"Qi Gong\"},\"image\":{\"@id\":\"https:\/\/www.qigong-joie-vitalite.com\/#\/schema\/logo\/image\/\"}}]}<\/script>\n<!-- \/ Yoast SEO plugin. -->","yoast_head_json":{"title":"La pr\u00e0ctica catalan - Qi Gong","description":"La pratique du Qi gong","robots":{"index":"index","follow":"follow","max-snippet":"max-snippet:-1","max-image-preview":"max-image-preview:large","max-video-preview":"max-video-preview:-1"},"canonical":"https:\/\/www.qigong-joie-vitalite.com\/index.php\/ca\/la-practica\/","og_locale":"fr_FR","og_type":"article","og_title":"La pr\u00e0ctica catalan - Qi Gong","og_description":"La pratique du Qi gong","og_url":"https:\/\/www.qigong-joie-vitalite.com\/index.php\/ca\/la-practica\/","og_site_name":"Qi Gong","article_modified_time":"2020-03-30T13:08:19+00:00","og_image":[{"url":"https:\/\/www.qigong-joie-vitalite.com\/wp-content\/uploads\/2019\/11\/qi-gong-neuilly-sur-seine.png","type":"","width":"","height":""}],"twitter_card":"summary_large_image","twitter_misc":{"Dur\u00e9e de lecture estim\u00e9e":"1 minute"},"schema":{"@context":"https:\/\/schema.org","@graph":[{"@type":"WebPage","@id":"https:\/\/www.qigong-joie-vitalite.com\/index.php\/ca\/la-practica\/","url":"https:\/\/www.qigong-joie-vitalite.com\/index.php\/ca\/la-practica\/","name":"La pr\u00e0ctica catalan - Qi Gong","isPartOf":{"@id":"https:\/\/www.qigong-joie-vitalite.com\/#website"},"primaryImageOfPage":{"@id":"https:\/\/www.qigong-joie-vitalite.com\/index.php\/ca\/la-practica\/#primaryimage"},"image":{"@id":"https:\/\/www.qigong-joie-vitalite.com\/index.php\/ca\/la-practica\/#primaryimage"},"thumbnailUrl":"https:\/\/www.qigong-joie-vitalite.com\/wp-content\/uploads\/2019\/11\/qi-gong-neuilly-sur-seine.png","datePublished":"2020-03-30T12:46:25+00:00","dateModified":"2020-03-30T13:08:19+00:00","description":"La pratique du Qi gong","breadcrumb":{"@id":"https:\/\/www.qigong-joie-vitalite.com\/index.php\/ca\/la-practica\/#breadcrumb"},"inLanguage":"fr-FR","potentialAction":[{"@type":"ReadAction","target":["https:\/\/www.qigong-joie-vitalite.com\/index.php\/ca\/la-practica\/"]}]},{"@type":"ImageObject","inLanguage":"fr-FR","@id":"https:\/\/www.qigong-joie-vitalite.com\/index.php\/ca\/la-practica\/#primaryimage","url":"https:\/\/www.qigong-joie-vitalite.com\/wp-content\/uploads\/2019\/11\/qi-gong-neuilly-sur-seine.png","contentUrl":"https:\/\/www.qigong-joie-vitalite.com\/wp-content\/uploads\/2019\/11\/qi-gong-neuilly-sur-seine.png","width":500,"height":614},{"@type":"BreadcrumbList","@id":"https:\/\/www.qigong-joie-vitalite.com\/index.php\/ca\/la-practica\/#breadcrumb","itemListElement":[{"@type":"ListItem","position":1,"name":"Accueil","item":"https:\/\/www.qigong-joie-vitalite.com\/"},{"@type":"ListItem","position":2,"name":"La pr\u00e0ctica catalan"}]},{"@type":"WebSite","@id":"https:\/\/www.qigong-joie-vitalite.com\/#website","url":"https:\/\/www.qigong-joie-vitalite.com\/","name":"Qi Gong","description":"JOIE &amp; VITALITE\u00ae","publisher":{"@id":"https:\/\/www.qigong-joie-vitalite.com\/#organization"},"potentialAction":[{"@type":"SearchAction","target":{"@type":"EntryPoint","urlTemplate":"https:\/\/www.qigong-joie-vitalite.com\/?s={search_term_string}"},"query-input":{"@type":"PropertyValueSpecification","valueRequired":true,"valueName":"search_term_string"}}],"inLanguage":"fr-FR"},{"@type":"Organization","@id":"https:\/\/www.qigong-joie-vitalite.com\/#organization","name":"Qi Gong","url":"https:\/\/www.qigong-joie-vitalite.com\/","logo":{"@type":"ImageObject","inLanguage":"fr-FR","@id":"https:\/\/www.qigong-joie-vitalite.com\/#\/schema\/logo\/image\/","url":"https:\/\/www.qigong-joie-vitalite.com\/wp-content\/uploads\/2019\/10\/cropped-qigong_cn.png","contentUrl":"https:\/\/www.qigong-joie-vitalite.com\/wp-content\/uploads\/2019\/10\/cropped-qigong_cn.png","width":528,"height":250,"caption":"Qi Gong"},"image":{"@id":"https:\/\/www.qigong-joie-vitalite.com\/#\/schema\/logo\/image\/"}}]}},"_links":{"self":[{"href":"https:\/\/www.qigong-joie-vitalite.com\/index.php\/wp-json\/wp\/v2\/pages\/444","targetHints":{"allow":["GET"]}}],"collection":[{"href":"https:\/\/www.qigong-joie-vitalite.com\/index.php\/wp-json\/wp\/v2\/pages"}],"about":[{"href":"https:\/\/www.qigong-joie-vitalite.com\/index.php\/wp-json\/wp\/v2\/types\/page"}],"author":[{"embeddable":true,"href":"https:\/\/www.qigong-joie-vitalite.com\/index.php\/wp-json\/wp\/v2\/users\/1"}],"replies":[{"embeddable":true,"href":"https:\/\/www.qigong-joie-vitalite.com\/index.php\/wp-json\/wp\/v2\/comments?post=444"}],"version-history":[{"count":2,"href":"https:\/\/www.qigong-joie-vitalite.com\/index.php\/wp-json\/wp\/v2\/pages\/444\/revisions"}],"predecessor-version":[{"id":461,"href":"https:\/\/www.qigong-joie-vitalite.com\/index.php\/wp-json\/wp\/v2\/pages\/444\/revisions\/461"}],"wp:attachment":[{"href":"https:\/\/www.qigong-joie-vitalite.com\/index.php\/wp-json\/wp\/v2\/media?parent=444"}],"curies":[{"name":"wp","href":"https:\/\/api.w.org\/{rel}","templated":true}]}}