{"id":410,"date":"2020-03-30T12:49:05","date_gmt":"2020-03-30T10:49:05","guid":{"rendered":"https:\/\/www.qigong-joie-vitalite.com\/?page_id=410"},"modified":"2021-05-28T12:08:26","modified_gmt":"2021-05-28T10:08:26","slug":"qi-2","status":"publish","type":"page","link":"https:\/\/www.qigong-joie-vitalite.com\/index.php\/es\/qi-2\/","title":{"rendered":"QI"},"content":{"rendered":"\n<p style=\"text-align: center;\">Qi (pronunciado \u00abTchi\u00bb o \u00abT\u2019ssi\u00bb)<\/p>\n<p style=\"text-align: center;\">Qi es la energ\u00eda, el aliento energ\u00e9tico original, el aliento de vida.<\/p>\n<p>\u00a0<\/p>\n<p style=\"text-align: center;\">Todo lo que se manifiesta, vive y se manifiesta por su soplo de vida.<\/p>\n<p style=\"text-align: center;\">Esta energ\u00eda es universal.<\/p>\n<p style=\"text-align: center;\">\u00abEl Hombre (el ser humano) est\u00e1 en el Qi, el Qi est\u00e1 en el Hombre)<\/p>\n<p>\u00a0<\/p>\n<p style=\"text-align: center;\">La pr\u00e1ctica del Qi Gong le permite a cada uno vivir conscientemente con esta energ\u00eda Qi, esta energ\u00eda de vida. El Qi Gong permite aprender a recogerla, a juntarla, a concentrarla, a refinarla, a liberar su circulaci\u00f3n dentro de la confianza y de la tranquilidad.<\/p>\n<p style=\"text-align: center;\">La V\u00eda del Qi aumenta de forma profunda la vitalidad del cuerpo y alivia sutilmente el esp\u00edritu: \u00abnutrir su vida sin gastarla nunca\u00bb.<\/p>\n<p>\u00a0<\/p>\n<p style=\"text-align: center;\">La V\u00eda del Qi es la madre de la Medicina China as\u00edq como de toda la Energ\u00e9tica China. A trav\u00e9s del Qi Gong Antiguo propone un Arte de vivir que se integra de forma natural en la vida cotidiana y armoniza todas nuestras actividades con suavidad. El Qi tambi\u00e9n es el esp\u00edritu perfecto que lo rellena todo, el impulso primero que circula por todo.<\/p>\n<p style=\"text-align: center;\">\u00a0<\/p>\n<p style=\"text-align: center;\">\u00a0<\/p>\n<p style=\"text-align: center;\">J\u00e9r\u00f4me Quet<\/p>\n\n\n\n<div class=\"wp-block-image\"><figure class=\"aligncenter size-large\"><img loading=\"lazy\" decoding=\"async\" width=\"307\" height=\"321\" src=\"https:\/\/www.qigong-joie-vitalite.com\/wp-content\/uploads\/2019\/12\/qi-qigong.png\" alt=\"\" class=\"wp-image-314\" srcset=\"https:\/\/www.qigong-joie-vitalite.com\/wp-content\/uploads\/2019\/12\/qi-qigong.png 307w, https:\/\/www.qigong-joie-vitalite.com\/wp-content\/uploads\/2019\/12\/qi-qigong-287x300.png 287w\" sizes=\"auto, (max-width: 307px) 100vw, 307px\" \/><\/figure><\/div>\n\n\n\n<p style=\"text-align: right;\">\u00abCar\u00e1cter Qi, utilizado por los Tao\u00edstas, arriba Wu el Vac\u00edo, abajo la llave del Fuego (Calor vital, potencial de toda actividad\u00bb<\/p>\n","protected":false},"excerpt":{"rendered":"<p>Qi (pronunciado \u00abTchi\u00bb o \u00abT\u2019ssi\u00bb) Qi es la energ\u00eda, el aliento energ\u00e9tico original, el aliento de vida. \u00a0 Todo lo que se manifiesta, vive y se manifiesta por su soplo de vida. Esta energ\u00eda es universal. \u00abEl Hombre (el ser humano) est\u00e1 en el Qi, el Qi est\u00e1 en el Hombre) \u00a0 La pr\u00e1ctica del &hellip; <\/p>\n<p class=\"link-more\"><a href=\"https:\/\/www.qigong-joie-vitalite.com\/index.php\/es\/qi-2\/\" class=\"more-link\">Continuer la lecture<span class=\"screen-reader-text\"> de &laquo;&nbsp;QI&nbsp;&raquo;<\/span><\/a><\/p>\n","protected":false},"author":1,"featured_media":0,"parent":0,"menu_order":0,"comment_status":"closed","ping_status":"closed","template":"","meta":{"footnotes":""},"class_list":["post-410","page","type-page","status-publish","hentry"],"yoast_head":"<!-- This site is optimized with the Yoast SEO plugin v25.2 - https:\/\/yoast.com\/wordpress\/plugins\/seo\/ -->\n<title>QI - Qi Gong<\/title>\n<meta name=\"robots\" content=\"index, follow, max-snippet:-1, max-image-preview:large, max-video-preview:-1\" \/>\n<link rel=\"canonical\" href=\"https:\/\/www.qigong-joie-vitalite.com\/index.php\/es\/qi-2\/\" \/>\n<meta property=\"og:locale\" content=\"fr_FR\" \/>\n<meta property=\"og:type\" content=\"article\" \/>\n<meta property=\"og:title\" content=\"QI - Qi Gong\" \/>\n<meta property=\"og:description\" content=\"Qi (pronunciado \u00abTchi\u00bb o \u00abT\u2019ssi\u00bb) Qi es la energ\u00eda, el aliento energ\u00e9tico original, el aliento de vida. \u00a0 Todo lo que se manifiesta, vive y se manifiesta por su soplo de vida. Esta energ\u00eda es universal. \u00abEl Hombre (el ser humano) est\u00e1 en el Qi, el Qi est\u00e1 en el Hombre) \u00a0 La pr\u00e1ctica del &hellip; Continuer la lecture de &laquo;&nbsp;QI&nbsp;&raquo;\" \/>\n<meta property=\"og:url\" content=\"https:\/\/www.qigong-joie-vitalite.com\/index.php\/es\/qi-2\/\" \/>\n<meta property=\"og:site_name\" content=\"Qi Gong\" \/>\n<meta property=\"article:modified_time\" content=\"2021-05-28T10:08:26+00:00\" \/>\n<meta property=\"og:image\" content=\"https:\/\/www.qigong-joie-vitalite.com\/wp-content\/uploads\/2019\/12\/qi-qigong.png\" \/>\n<meta name=\"twitter:card\" content=\"summary_large_image\" \/>\n<meta name=\"twitter:label1\" content=\"Dur\u00e9e de lecture estim\u00e9e\" \/>\n\t<meta name=\"twitter:data1\" content=\"1 minute\" \/>\n<script type=\"application\/ld+json\" class=\"yoast-schema-graph\">{\"@context\":\"https:\/\/schema.org\",\"@graph\":[{\"@type\":\"WebPage\",\"@id\":\"https:\/\/www.qigong-joie-vitalite.com\/index.php\/es\/qi-2\/\",\"url\":\"https:\/\/www.qigong-joie-vitalite.com\/index.php\/es\/qi-2\/\",\"name\":\"QI - Qi Gong\",\"isPartOf\":{\"@id\":\"https:\/\/www.qigong-joie-vitalite.com\/#website\"},\"primaryImageOfPage\":{\"@id\":\"https:\/\/www.qigong-joie-vitalite.com\/index.php\/es\/qi-2\/#primaryimage\"},\"image\":{\"@id\":\"https:\/\/www.qigong-joie-vitalite.com\/index.php\/es\/qi-2\/#primaryimage\"},\"thumbnailUrl\":\"https:\/\/www.qigong-joie-vitalite.com\/wp-content\/uploads\/2019\/12\/qi-qigong.png\",\"datePublished\":\"2020-03-30T10:49:05+00:00\",\"dateModified\":\"2021-05-28T10:08:26+00:00\",\"breadcrumb\":{\"@id\":\"https:\/\/www.qigong-joie-vitalite.com\/index.php\/es\/qi-2\/#breadcrumb\"},\"inLanguage\":\"fr-FR\",\"potentialAction\":[{\"@type\":\"ReadAction\",\"target\":[\"https:\/\/www.qigong-joie-vitalite.com\/index.php\/es\/qi-2\/\"]}]},{\"@type\":\"ImageObject\",\"inLanguage\":\"fr-FR\",\"@id\":\"https:\/\/www.qigong-joie-vitalite.com\/index.php\/es\/qi-2\/#primaryimage\",\"url\":\"https:\/\/www.qigong-joie-vitalite.com\/wp-content\/uploads\/2019\/12\/qi-qigong.png\",\"contentUrl\":\"https:\/\/www.qigong-joie-vitalite.com\/wp-content\/uploads\/2019\/12\/qi-qigong.png\",\"width\":307,\"height\":321},{\"@type\":\"BreadcrumbList\",\"@id\":\"https:\/\/www.qigong-joie-vitalite.com\/index.php\/es\/qi-2\/#breadcrumb\",\"itemListElement\":[{\"@type\":\"ListItem\",\"position\":1,\"name\":\"Accueil\",\"item\":\"https:\/\/www.qigong-joie-vitalite.com\/\"},{\"@type\":\"ListItem\",\"position\":2,\"name\":\"QI\"}]},{\"@type\":\"WebSite\",\"@id\":\"https:\/\/www.qigong-joie-vitalite.com\/#website\",\"url\":\"https:\/\/www.qigong-joie-vitalite.com\/\",\"name\":\"Qi Gong\",\"description\":\"JOIE &amp; VITALITE\u00ae\",\"publisher\":{\"@id\":\"https:\/\/www.qigong-joie-vitalite.com\/#organization\"},\"potentialAction\":[{\"@type\":\"SearchAction\",\"target\":{\"@type\":\"EntryPoint\",\"urlTemplate\":\"https:\/\/www.qigong-joie-vitalite.com\/?s={search_term_string}\"},\"query-input\":{\"@type\":\"PropertyValueSpecification\",\"valueRequired\":true,\"valueName\":\"search_term_string\"}}],\"inLanguage\":\"fr-FR\"},{\"@type\":\"Organization\",\"@id\":\"https:\/\/www.qigong-joie-vitalite.com\/#organization\",\"name\":\"Qi Gong\",\"url\":\"https:\/\/www.qigong-joie-vitalite.com\/\",\"logo\":{\"@type\":\"ImageObject\",\"inLanguage\":\"fr-FR\",\"@id\":\"https:\/\/www.qigong-joie-vitalite.com\/#\/schema\/logo\/image\/\",\"url\":\"https:\/\/www.qigong-joie-vitalite.com\/wp-content\/uploads\/2019\/10\/cropped-qigong_cn.png\",\"contentUrl\":\"https:\/\/www.qigong-joie-vitalite.com\/wp-content\/uploads\/2019\/10\/cropped-qigong_cn.png\",\"width\":528,\"height\":250,\"caption\":\"Qi Gong\"},\"image\":{\"@id\":\"https:\/\/www.qigong-joie-vitalite.com\/#\/schema\/logo\/image\/\"}}]}<\/script>\n<!-- \/ Yoast SEO plugin. -->","yoast_head_json":{"title":"QI - Qi Gong","robots":{"index":"index","follow":"follow","max-snippet":"max-snippet:-1","max-image-preview":"max-image-preview:large","max-video-preview":"max-video-preview:-1"},"canonical":"https:\/\/www.qigong-joie-vitalite.com\/index.php\/es\/qi-2\/","og_locale":"fr_FR","og_type":"article","og_title":"QI - Qi Gong","og_description":"Qi (pronunciado \u00abTchi\u00bb o \u00abT\u2019ssi\u00bb) Qi es la energ\u00eda, el aliento energ\u00e9tico original, el aliento de vida. \u00a0 Todo lo que se manifiesta, vive y se manifiesta por su soplo de vida. Esta energ\u00eda es universal. \u00abEl Hombre (el ser humano) est\u00e1 en el Qi, el Qi est\u00e1 en el Hombre) \u00a0 La pr\u00e1ctica del &hellip; Continuer la lecture de &laquo;&nbsp;QI&nbsp;&raquo;","og_url":"https:\/\/www.qigong-joie-vitalite.com\/index.php\/es\/qi-2\/","og_site_name":"Qi Gong","article_modified_time":"2021-05-28T10:08:26+00:00","og_image":[{"url":"https:\/\/www.qigong-joie-vitalite.com\/wp-content\/uploads\/2019\/12\/qi-qigong.png","type":"","width":"","height":""}],"twitter_card":"summary_large_image","twitter_misc":{"Dur\u00e9e de lecture estim\u00e9e":"1 minute"},"schema":{"@context":"https:\/\/schema.org","@graph":[{"@type":"WebPage","@id":"https:\/\/www.qigong-joie-vitalite.com\/index.php\/es\/qi-2\/","url":"https:\/\/www.qigong-joie-vitalite.com\/index.php\/es\/qi-2\/","name":"QI - Qi Gong","isPartOf":{"@id":"https:\/\/www.qigong-joie-vitalite.com\/#website"},"primaryImageOfPage":{"@id":"https:\/\/www.qigong-joie-vitalite.com\/index.php\/es\/qi-2\/#primaryimage"},"image":{"@id":"https:\/\/www.qigong-joie-vitalite.com\/index.php\/es\/qi-2\/#primaryimage"},"thumbnailUrl":"https:\/\/www.qigong-joie-vitalite.com\/wp-content\/uploads\/2019\/12\/qi-qigong.png","datePublished":"2020-03-30T10:49:05+00:00","dateModified":"2021-05-28T10:08:26+00:00","breadcrumb":{"@id":"https:\/\/www.qigong-joie-vitalite.com\/index.php\/es\/qi-2\/#breadcrumb"},"inLanguage":"fr-FR","potentialAction":[{"@type":"ReadAction","target":["https:\/\/www.qigong-joie-vitalite.com\/index.php\/es\/qi-2\/"]}]},{"@type":"ImageObject","inLanguage":"fr-FR","@id":"https:\/\/www.qigong-joie-vitalite.com\/index.php\/es\/qi-2\/#primaryimage","url":"https:\/\/www.qigong-joie-vitalite.com\/wp-content\/uploads\/2019\/12\/qi-qigong.png","contentUrl":"https:\/\/www.qigong-joie-vitalite.com\/wp-content\/uploads\/2019\/12\/qi-qigong.png","width":307,"height":321},{"@type":"BreadcrumbList","@id":"https:\/\/www.qigong-joie-vitalite.com\/index.php\/es\/qi-2\/#breadcrumb","itemListElement":[{"@type":"ListItem","position":1,"name":"Accueil","item":"https:\/\/www.qigong-joie-vitalite.com\/"},{"@type":"ListItem","position":2,"name":"QI"}]},{"@type":"WebSite","@id":"https:\/\/www.qigong-joie-vitalite.com\/#website","url":"https:\/\/www.qigong-joie-vitalite.com\/","name":"Qi Gong","description":"JOIE &amp; VITALITE\u00ae","publisher":{"@id":"https:\/\/www.qigong-joie-vitalite.com\/#organization"},"potentialAction":[{"@type":"SearchAction","target":{"@type":"EntryPoint","urlTemplate":"https:\/\/www.qigong-joie-vitalite.com\/?s={search_term_string}"},"query-input":{"@type":"PropertyValueSpecification","valueRequired":true,"valueName":"search_term_string"}}],"inLanguage":"fr-FR"},{"@type":"Organization","@id":"https:\/\/www.qigong-joie-vitalite.com\/#organization","name":"Qi Gong","url":"https:\/\/www.qigong-joie-vitalite.com\/","logo":{"@type":"ImageObject","inLanguage":"fr-FR","@id":"https:\/\/www.qigong-joie-vitalite.com\/#\/schema\/logo\/image\/","url":"https:\/\/www.qigong-joie-vitalite.com\/wp-content\/uploads\/2019\/10\/cropped-qigong_cn.png","contentUrl":"https:\/\/www.qigong-joie-vitalite.com\/wp-content\/uploads\/2019\/10\/cropped-qigong_cn.png","width":528,"height":250,"caption":"Qi Gong"},"image":{"@id":"https:\/\/www.qigong-joie-vitalite.com\/#\/schema\/logo\/image\/"}}]}},"_links":{"self":[{"href":"https:\/\/www.qigong-joie-vitalite.com\/index.php\/wp-json\/wp\/v2\/pages\/410","targetHints":{"allow":["GET"]}}],"collection":[{"href":"https:\/\/www.qigong-joie-vitalite.com\/index.php\/wp-json\/wp\/v2\/pages"}],"about":[{"href":"https:\/\/www.qigong-joie-vitalite.com\/index.php\/wp-json\/wp\/v2\/types\/page"}],"author":[{"embeddable":true,"href":"https:\/\/www.qigong-joie-vitalite.com\/index.php\/wp-json\/wp\/v2\/users\/1"}],"replies":[{"embeddable":true,"href":"https:\/\/www.qigong-joie-vitalite.com\/index.php\/wp-json\/wp\/v2\/comments?post=410"}],"version-history":[{"count":6,"href":"https:\/\/www.qigong-joie-vitalite.com\/index.php\/wp-json\/wp\/v2\/pages\/410\/revisions"}],"predecessor-version":[{"id":691,"href":"https:\/\/www.qigong-joie-vitalite.com\/index.php\/wp-json\/wp\/v2\/pages\/410\/revisions\/691"}],"wp:attachment":[{"href":"https:\/\/www.qigong-joie-vitalite.com\/index.php\/wp-json\/wp\/v2\/media?parent=410"}],"curies":[{"name":"wp","href":"https:\/\/api.w.org\/{rel}","templated":true}]}}