{"id":362,"date":"2020-01-30T15:23:54","date_gmt":"2020-01-30T14:23:54","guid":{"rendered":"https:\/\/www.qigong-joie-vitalite.com\/?page_id=362"},"modified":"2025-08-27T18:04:37","modified_gmt":"2025-08-27T16:04:37","slug":"formation","status":"publish","type":"page","link":"https:\/\/www.qigong-joie-vitalite.com\/index.php\/formation\/","title":{"rendered":"Formation"},"content":{"rendered":"\n<h5 style=\"text-align: center;\">Formation d\u2019enseignants de Qi Gong \u00e0 l\u2019Acad\u00e9mie du Qi Gong Ancien<\/h5>\n<p>&nbsp;<\/p>\n<p style=\"text-align: center;\">Au sein de l\u2019Acad\u00e9mie, J\u00e9r\u00f4me forme des enseignant(e)s de Qi Gong.<\/p>\n<p style=\"text-align: center;\">Il transmet un v\u00e9n\u00e9rable patrimoine de pratiques et de m\u00e9thodes.<\/p>\n<p style=\"text-align: center;\">Il s\u2019attache aussi \u00e0 transmettre les savoir-faire et savoir-\u00eatre essentiels pour mettre en \u0153uvre une p\u00e9dagogie efficace en toute autonomie.<\/p>\n<p style=\"text-align: center;\">J\u00e9r\u00f4me pr\u00e9pare chaque \u00e9tudiant(e)s aux certifications professionnelles, aux dipl\u00f4mes f\u00e9d\u00e9raux et aux dipl\u00f4mes d\u2019\u00e9tat.<\/p>\n<p style=\"text-align: center;\">Les \u00e9tudiant(e)s inscrits dans ces cursus de formation b\u00e9n\u00e9ficient d\u2019un accompagnement personnalis\u00e9 afin de mener \u00e0 bien leur projet d\u2019enseignement de l\u2019Art du Qi Gong.<\/p>\n<p>&nbsp;<\/p>\n<p style=\"text-align: center;\">Contact responsable de la formation : +33 (0)7 82 26 47 64 ou envoyer un mail \u00e0 jerome.quet@gmail.com<\/p>\n<p>&nbsp;<\/p>\n<p>&nbsp;<\/p>\n\n\n\n<h5 style=\"text-align: center;\">Nouveau Cycle de Formation au Qi Gong et M\u00e9decine du Tao au sein de l&rsquo;Acad\u00e9mie Sup\u00e9rieure de M\u00e9decine Chinoise de Philippe Sionneau.<\/h5>\n<p>\u00a0<\/p>\n<p>\u00a0<\/p>\n<p style=\"text-align: center;\">Cette formation aura lieu en pr\u00e9sentiel en 6 WE \u00e0 Lyon :<\/p>\n<p>\u00a0<\/p>\n<p>\u00a0<\/p>\n<p style=\"text-align: center;\">11-12 octobre 2025<\/p>\n<p>\u00a0<\/p>\n<p style=\"text-align: center;\">13-14 d\u00e9cembre 2025<\/p>\n<p>\u00a0<\/p>\n<p style=\"text-align: center;\">31 janvier -1 f\u00e9vrier 2026<\/p>\n<p>\u00a0<\/p>\n<p style=\"text-align: center;\">11-12 avril 2026<\/p>\n<p>\u00a0<\/p>\n<p style=\"text-align: center;\">13-14 juin 2026<\/p>\n<p>\u00a0<\/p>\n<p style=\"text-align: center;\">11-12 juillet 2026<\/p>\n<p>\u00a0<\/p>\n<p>\u00a0<\/p>\n<p style=\"text-align: center;\">Contact direct ASMC par la page de la formation :\u00a0 <a href=\"https:\/\/sionneau.com\/boutique\/medecine--chinoise\/qi-gong-et-medecine-du-tao\/\" target=\"_blank\" rel=\"noopener\">ASMC<\/a><\/p>\n<p style=\"text-align: center;\">Contact responsable de la formation : +33 (0)7 82 26 47 64 ou envoyer un mail \u00e0 jerome.quet@gmail.com<\/p>\n<p>\u00a0<\/p>\n<p>\u00a0<\/p>\n","protected":false},"excerpt":{"rendered":"<p>Formation d\u2019enseignants de Qi Gong \u00e0 l\u2019Acad\u00e9mie du Qi Gong Ancien &nbsp; Au sein de l\u2019Acad\u00e9mie, J\u00e9r\u00f4me forme des enseignant(e)s de Qi Gong. Il transmet un v\u00e9n\u00e9rable patrimoine de pratiques et de m\u00e9thodes. Il s\u2019attache aussi \u00e0 transmettre les savoir-faire et savoir-\u00eatre essentiels pour mettre en \u0153uvre une p\u00e9dagogie efficace en toute autonomie. J\u00e9r\u00f4me pr\u00e9pare &hellip; <\/p>\n<p class=\"link-more\"><a href=\"https:\/\/www.qigong-joie-vitalite.com\/index.php\/formation\/\" class=\"more-link\">Continuer la lecture<span class=\"screen-reader-text\"> de &laquo;&nbsp;Formation&nbsp;&raquo;<\/span><\/a><\/p>\n","protected":false},"author":1,"featured_media":0,"parent":0,"menu_order":0,"comment_status":"closed","ping_status":"closed","template":"","meta":{"footnotes":""},"class_list":["post-362","page","type-page","status-publish","hentry"],"yoast_head":"<!-- This site is optimized with the Yoast SEO plugin v25.2 - https:\/\/yoast.com\/wordpress\/plugins\/seo\/ -->\n<title>Formation - Qi Gong<\/title>\n<meta name=\"robots\" content=\"index, follow, max-snippet:-1, max-image-preview:large, max-video-preview:-1\" \/>\n<link rel=\"canonical\" href=\"https:\/\/www.qigong-joie-vitalite.com\/index.php\/formation\/\" \/>\n<meta property=\"og:locale\" content=\"fr_FR\" \/>\n<meta property=\"og:type\" content=\"article\" \/>\n<meta property=\"og:title\" content=\"Formation - Qi Gong\" \/>\n<meta property=\"og:description\" content=\"Formation d\u2019enseignants de Qi Gong \u00e0 l\u2019Acad\u00e9mie du Qi Gong Ancien &nbsp; Au sein de l\u2019Acad\u00e9mie, J\u00e9r\u00f4me forme des enseignant(e)s de Qi Gong. Il transmet un v\u00e9n\u00e9rable patrimoine de pratiques et de m\u00e9thodes. Il s\u2019attache aussi \u00e0 transmettre les savoir-faire et savoir-\u00eatre essentiels pour mettre en \u0153uvre une p\u00e9dagogie efficace en toute autonomie. J\u00e9r\u00f4me pr\u00e9pare &hellip; Continuer la lecture de &laquo;&nbsp;Formation&nbsp;&raquo;\" \/>\n<meta property=\"og:url\" content=\"https:\/\/www.qigong-joie-vitalite.com\/index.php\/formation\/\" \/>\n<meta property=\"og:site_name\" content=\"Qi Gong\" \/>\n<meta property=\"article:modified_time\" content=\"2025-08-27T16:04:37+00:00\" \/>\n<meta name=\"twitter:card\" content=\"summary_large_image\" \/>\n<meta name=\"twitter:label1\" content=\"Dur\u00e9e de lecture estim\u00e9e\" \/>\n\t<meta name=\"twitter:data1\" content=\"1 minute\" \/>\n<script type=\"application\/ld+json\" class=\"yoast-schema-graph\">{\"@context\":\"https:\/\/schema.org\",\"@graph\":[{\"@type\":\"WebPage\",\"@id\":\"https:\/\/www.qigong-joie-vitalite.com\/index.php\/formation\/\",\"url\":\"https:\/\/www.qigong-joie-vitalite.com\/index.php\/formation\/\",\"name\":\"Formation - Qi Gong\",\"isPartOf\":{\"@id\":\"https:\/\/www.qigong-joie-vitalite.com\/#website\"},\"datePublished\":\"2020-01-30T14:23:54+00:00\",\"dateModified\":\"2025-08-27T16:04:37+00:00\",\"breadcrumb\":{\"@id\":\"https:\/\/www.qigong-joie-vitalite.com\/index.php\/formation\/#breadcrumb\"},\"inLanguage\":\"fr-FR\",\"potentialAction\":[{\"@type\":\"ReadAction\",\"target\":[\"https:\/\/www.qigong-joie-vitalite.com\/index.php\/formation\/\"]}]},{\"@type\":\"BreadcrumbList\",\"@id\":\"https:\/\/www.qigong-joie-vitalite.com\/index.php\/formation\/#breadcrumb\",\"itemListElement\":[{\"@type\":\"ListItem\",\"position\":1,\"name\":\"Accueil\",\"item\":\"https:\/\/www.qigong-joie-vitalite.com\/\"},{\"@type\":\"ListItem\",\"position\":2,\"name\":\"Formation\"}]},{\"@type\":\"WebSite\",\"@id\":\"https:\/\/www.qigong-joie-vitalite.com\/#website\",\"url\":\"https:\/\/www.qigong-joie-vitalite.com\/\",\"name\":\"Qi Gong\",\"description\":\"JOIE &amp; VITALITE\u00ae\",\"publisher\":{\"@id\":\"https:\/\/www.qigong-joie-vitalite.com\/#organization\"},\"potentialAction\":[{\"@type\":\"SearchAction\",\"target\":{\"@type\":\"EntryPoint\",\"urlTemplate\":\"https:\/\/www.qigong-joie-vitalite.com\/?s={search_term_string}\"},\"query-input\":{\"@type\":\"PropertyValueSpecification\",\"valueRequired\":true,\"valueName\":\"search_term_string\"}}],\"inLanguage\":\"fr-FR\"},{\"@type\":\"Organization\",\"@id\":\"https:\/\/www.qigong-joie-vitalite.com\/#organization\",\"name\":\"Qi Gong\",\"url\":\"https:\/\/www.qigong-joie-vitalite.com\/\",\"logo\":{\"@type\":\"ImageObject\",\"inLanguage\":\"fr-FR\",\"@id\":\"https:\/\/www.qigong-joie-vitalite.com\/#\/schema\/logo\/image\/\",\"url\":\"https:\/\/www.qigong-joie-vitalite.com\/wp-content\/uploads\/2019\/10\/cropped-qigong_cn.png\",\"contentUrl\":\"https:\/\/www.qigong-joie-vitalite.com\/wp-content\/uploads\/2019\/10\/cropped-qigong_cn.png\",\"width\":528,\"height\":250,\"caption\":\"Qi Gong\"},\"image\":{\"@id\":\"https:\/\/www.qigong-joie-vitalite.com\/#\/schema\/logo\/image\/\"}}]}<\/script>\n<!-- \/ Yoast SEO plugin. -->","yoast_head_json":{"title":"Formation - Qi Gong","robots":{"index":"index","follow":"follow","max-snippet":"max-snippet:-1","max-image-preview":"max-image-preview:large","max-video-preview":"max-video-preview:-1"},"canonical":"https:\/\/www.qigong-joie-vitalite.com\/index.php\/formation\/","og_locale":"fr_FR","og_type":"article","og_title":"Formation - Qi Gong","og_description":"Formation d\u2019enseignants de Qi Gong \u00e0 l\u2019Acad\u00e9mie du Qi Gong Ancien &nbsp; Au sein de l\u2019Acad\u00e9mie, J\u00e9r\u00f4me forme des enseignant(e)s de Qi Gong. Il transmet un v\u00e9n\u00e9rable patrimoine de pratiques et de m\u00e9thodes. Il s\u2019attache aussi \u00e0 transmettre les savoir-faire et savoir-\u00eatre essentiels pour mettre en \u0153uvre une p\u00e9dagogie efficace en toute autonomie. J\u00e9r\u00f4me pr\u00e9pare &hellip; Continuer la lecture de &laquo;&nbsp;Formation&nbsp;&raquo;","og_url":"https:\/\/www.qigong-joie-vitalite.com\/index.php\/formation\/","og_site_name":"Qi Gong","article_modified_time":"2025-08-27T16:04:37+00:00","twitter_card":"summary_large_image","twitter_misc":{"Dur\u00e9e de lecture estim\u00e9e":"1 minute"},"schema":{"@context":"https:\/\/schema.org","@graph":[{"@type":"WebPage","@id":"https:\/\/www.qigong-joie-vitalite.com\/index.php\/formation\/","url":"https:\/\/www.qigong-joie-vitalite.com\/index.php\/formation\/","name":"Formation - Qi Gong","isPartOf":{"@id":"https:\/\/www.qigong-joie-vitalite.com\/#website"},"datePublished":"2020-01-30T14:23:54+00:00","dateModified":"2025-08-27T16:04:37+00:00","breadcrumb":{"@id":"https:\/\/www.qigong-joie-vitalite.com\/index.php\/formation\/#breadcrumb"},"inLanguage":"fr-FR","potentialAction":[{"@type":"ReadAction","target":["https:\/\/www.qigong-joie-vitalite.com\/index.php\/formation\/"]}]},{"@type":"BreadcrumbList","@id":"https:\/\/www.qigong-joie-vitalite.com\/index.php\/formation\/#breadcrumb","itemListElement":[{"@type":"ListItem","position":1,"name":"Accueil","item":"https:\/\/www.qigong-joie-vitalite.com\/"},{"@type":"ListItem","position":2,"name":"Formation"}]},{"@type":"WebSite","@id":"https:\/\/www.qigong-joie-vitalite.com\/#website","url":"https:\/\/www.qigong-joie-vitalite.com\/","name":"Qi Gong","description":"JOIE &amp; VITALITE\u00ae","publisher":{"@id":"https:\/\/www.qigong-joie-vitalite.com\/#organization"},"potentialAction":[{"@type":"SearchAction","target":{"@type":"EntryPoint","urlTemplate":"https:\/\/www.qigong-joie-vitalite.com\/?s={search_term_string}"},"query-input":{"@type":"PropertyValueSpecification","valueRequired":true,"valueName":"search_term_string"}}],"inLanguage":"fr-FR"},{"@type":"Organization","@id":"https:\/\/www.qigong-joie-vitalite.com\/#organization","name":"Qi Gong","url":"https:\/\/www.qigong-joie-vitalite.com\/","logo":{"@type":"ImageObject","inLanguage":"fr-FR","@id":"https:\/\/www.qigong-joie-vitalite.com\/#\/schema\/logo\/image\/","url":"https:\/\/www.qigong-joie-vitalite.com\/wp-content\/uploads\/2019\/10\/cropped-qigong_cn.png","contentUrl":"https:\/\/www.qigong-joie-vitalite.com\/wp-content\/uploads\/2019\/10\/cropped-qigong_cn.png","width":528,"height":250,"caption":"Qi Gong"},"image":{"@id":"https:\/\/www.qigong-joie-vitalite.com\/#\/schema\/logo\/image\/"}}]}},"_links":{"self":[{"href":"https:\/\/www.qigong-joie-vitalite.com\/index.php\/wp-json\/wp\/v2\/pages\/362","targetHints":{"allow":["GET"]}}],"collection":[{"href":"https:\/\/www.qigong-joie-vitalite.com\/index.php\/wp-json\/wp\/v2\/pages"}],"about":[{"href":"https:\/\/www.qigong-joie-vitalite.com\/index.php\/wp-json\/wp\/v2\/types\/page"}],"author":[{"embeddable":true,"href":"https:\/\/www.qigong-joie-vitalite.com\/index.php\/wp-json\/wp\/v2\/users\/1"}],"replies":[{"embeddable":true,"href":"https:\/\/www.qigong-joie-vitalite.com\/index.php\/wp-json\/wp\/v2\/comments?post=362"}],"version-history":[{"count":32,"href":"https:\/\/www.qigong-joie-vitalite.com\/index.php\/wp-json\/wp\/v2\/pages\/362\/revisions"}],"predecessor-version":[{"id":988,"href":"https:\/\/www.qigong-joie-vitalite.com\/index.php\/wp-json\/wp\/v2\/pages\/362\/revisions\/988"}],"wp:attachment":[{"href":"https:\/\/www.qigong-joie-vitalite.com\/index.php\/wp-json\/wp\/v2\/media?parent=362"}],"curies":[{"name":"wp","href":"https:\/\/api.w.org\/{rel}","templated":true}]}}