{"id":299,"date":"2019-12-16T10:12:49","date_gmt":"2019-12-16T09:12:49","guid":{"rendered":"https:\/\/www.qigong-joie-vitalite.com\/?page_id=299"},"modified":"2023-10-07T19:00:57","modified_gmt":"2023-10-07T17:00:57","slug":"la-pratique-qi-gong","status":"publish","type":"page","link":"https:\/\/www.qigong-joie-vitalite.com\/index.php\/la-pratique-qi-gong\/","title":{"rendered":"La pratique"},"content":{"rendered":"\n<p style=\"text-align: center;\">La pratique du Qi Gong est sans aucun doute b\u00e9n\u00e9fique \u00e0 tous et \u00e0 toutes.<\/p>\n<p style=\"text-align: center;\">Il n\u2019y a aucune barri\u00e8re d\u2019\u00e2ges ou de conditions corporelles et mentales.<\/p>\n<p style=\"text-align: center;\">L\u2019apprentissage du Qi Gong Ancien se fait en douceur.<\/p>\n<p style=\"text-align: center;\">Chaque \u00e9tape est personnalis\u00e9e et adapt\u00e9e. Le professeur et l\u2019\u00e9l\u00e8ve se concentrent sur une pratique du Qi Gong en harmonie avec les qualit\u00e9s de l\u2019\u00e9l\u00e8ve, ses attentes et son potentiel. La progression est naturelle, sans pression mentale ou tension \u00e9motionnelle et toujours b\u00e9n\u00e9fique. Les phases d\u2019apprentissage et de perfectionnement sont guid\u00e9es par le professeur afin que chaque \u00e9tape de la pratique soit toujours juste et efficace. Il est n\u00e9cessaire pour bien pratiquer le Qi Gong d\u2019int\u00e9grer des bases justes, solides et profondes en conscience et toujours dans le calme de l\u2019esprit.<\/p>\n<p style=\"text-align: center;\">D\u00e8s le d\u00e9part le Qi Gong Ancien am\u00e9liore la r\u00e9gulation de la respiration. L\u2019\u00e9l\u00e8ve progresse dans la connaissance de son propre souffle et de ses capacit\u00e9s respiratoires. De nouvelles qualit\u00e9s psychocorporelles se mettent en \u0153uvre afin de relaxer son corps en profondeur tout en optimisant ses capacit\u00e9s de puissance dynamique. Ce rel\u00e2chement subtil et durable du corps participe alors en retour \u00e0 r\u00e9guler et \u00e0 am\u00e9liorer la respiration ainsi que la circulation sanguine et le calme mental. Un cercle vertueux se met en place. Il augmente la vitalit\u00e9 harmonieuse des fonctions organiques et favorise l\u2019\u00e9quilibre \u00e9motionnel.<\/p>\n<p style=\"text-align: center;\">Chaque exercice pr\u00e9cis renforce le corps et la sant\u00e9, la circulation de l\u2019\u00e9nergie vitale progresse et la pratique du Qi aussi. Chaque forme de Qi Gong \u00e9tudi\u00e9e et pratiqu\u00e9e propose au pratiquant un champ d\u2019exp\u00e9rimentation direct et imm\u00e9diat. Il peut mesurer concr\u00e8tement par lui-m\u00eame et en direct avec son enseignant l\u2019efficacit\u00e9 et les progr\u00e8s de sa pratique du Qi et de sa sant\u00e9. Ainsi l\u2019\u00e9l\u00e8ve-pratiquant(e) exp\u00e9rimente le Qi Gong en confiance et progresse durablement avec s\u00e9r\u00e9nit\u00e9 et efficacit\u00e9. Le professeur se concentre v\u00e9ritablement sur le retour d\u2019exp\u00e9rience pr\u00e9cis de chaque \u00e9l\u00e8ve dans sa pratique du Qi.<\/p>\n<p style=\"text-align: center;\">La Qi Gong se transmet directement, avec attention, pr\u00e9caution et pr\u00e9venance.<\/p>\n<p style=\"text-align: center;\"><strong>\u00a0<\/strong><\/p>\n<p style=\"text-align: center;\">Notre \u00e9cole transmet le Qi Gong Ancien et les Arts du Tao Ancestral re\u00e7us directement de plusieurs grands Ma\u00eetres Tao\u00efstes Chinois.<\/p>\n<p style=\"text-align: center;\">Leurs justes enseignements sont notre pratique. Leurs merveilleuses pratiques en sont l\u2019enseignement.<\/p>\n<p style=\"text-align: center;\">Qi Gong sous formes de pratiques statiques, posturales<\/p>\n<p style=\"text-align: center;\">Qi Gong dynamique, en mouvements et fluides enchainements<\/p>\n<p style=\"text-align: center;\">M\u00e9ditations, m\u00e9ditations du souffle, m\u00e9ditations d\u2019alchimie interne Tao\u00efste<\/p>\n<p style=\"text-align: center;\">Marches \u00ab\u00a0sacr\u00e9es\u00a0\u00bb du Tao Ancien<\/p>\n<p style=\"text-align: center;\">Qi Gong pour la sant\u00e9<\/p>\n<p style=\"text-align: center;\">Qi Gong du Son<\/p>\n<p style=\"text-align: center;\">Qi Gong Martial<\/p>\n<p style=\"text-align: center;\">Massage Tuina et Auto-massage en relation avec l&rsquo;\u00e9nergie saisonni\u00e8re<\/p>\n\n\n\n<hr class=\"wp-block-separator has-css-opacity\"\/>\n\n\n\n<p><\/p>\n","protected":false},"excerpt":{"rendered":"<p>La pratique du Qi Gong est sans aucun doute b\u00e9n\u00e9fique \u00e0 tous et \u00e0 toutes. Il n\u2019y a aucune barri\u00e8re d\u2019\u00e2ges ou de conditions corporelles et mentales. L\u2019apprentissage du Qi Gong Ancien se fait en douceur. Chaque \u00e9tape est personnalis\u00e9e et adapt\u00e9e. Le professeur et l\u2019\u00e9l\u00e8ve se concentrent sur une pratique du Qi Gong en &hellip; <\/p>\n<p class=\"link-more\"><a href=\"https:\/\/www.qigong-joie-vitalite.com\/index.php\/la-pratique-qi-gong\/\" class=\"more-link\">Continuer la lecture<span class=\"screen-reader-text\"> de &laquo;&nbsp;La pratique&nbsp;&raquo;<\/span><\/a><\/p>\n","protected":false},"author":1,"featured_media":0,"parent":0,"menu_order":0,"comment_status":"closed","ping_status":"closed","template":"","meta":{"footnotes":""},"class_list":["post-299","page","type-page","status-publish","hentry"],"yoast_head":"<!-- This site is optimized with the Yoast SEO plugin v25.2 - https:\/\/yoast.com\/wordpress\/plugins\/seo\/ -->\n<title>La pratique - Qi Gong<\/title>\n<meta name=\"description\" content=\"La pratique du Qi gong\" \/>\n<meta name=\"robots\" content=\"index, follow, max-snippet:-1, max-image-preview:large, max-video-preview:-1\" \/>\n<link rel=\"canonical\" href=\"https:\/\/www.qigong-joie-vitalite.com\/index.php\/la-pratique-qi-gong\/\" \/>\n<meta property=\"og:locale\" content=\"fr_FR\" \/>\n<meta property=\"og:type\" content=\"article\" \/>\n<meta property=\"og:title\" content=\"La pratique - Qi Gong\" \/>\n<meta property=\"og:description\" content=\"La pratique du Qi gong\" \/>\n<meta property=\"og:url\" content=\"https:\/\/www.qigong-joie-vitalite.com\/index.php\/la-pratique-qi-gong\/\" \/>\n<meta property=\"og:site_name\" content=\"Qi Gong\" \/>\n<meta property=\"article:modified_time\" content=\"2023-10-07T17:00:57+00:00\" \/>\n<meta name=\"twitter:card\" content=\"summary_large_image\" \/>\n<meta name=\"twitter:label1\" content=\"Dur\u00e9e de lecture estim\u00e9e\" \/>\n\t<meta name=\"twitter:data1\" content=\"3 minutes\" \/>\n<script type=\"application\/ld+json\" class=\"yoast-schema-graph\">{\"@context\":\"https:\/\/schema.org\",\"@graph\":[{\"@type\":\"WebPage\",\"@id\":\"https:\/\/www.qigong-joie-vitalite.com\/index.php\/la-pratique-qi-gong\/\",\"url\":\"https:\/\/www.qigong-joie-vitalite.com\/index.php\/la-pratique-qi-gong\/\",\"name\":\"La pratique - Qi Gong\",\"isPartOf\":{\"@id\":\"https:\/\/www.qigong-joie-vitalite.com\/#website\"},\"datePublished\":\"2019-12-16T09:12:49+00:00\",\"dateModified\":\"2023-10-07T17:00:57+00:00\",\"description\":\"La pratique du Qi gong\",\"breadcrumb\":{\"@id\":\"https:\/\/www.qigong-joie-vitalite.com\/index.php\/la-pratique-qi-gong\/#breadcrumb\"},\"inLanguage\":\"fr-FR\",\"potentialAction\":[{\"@type\":\"ReadAction\",\"target\":[\"https:\/\/www.qigong-joie-vitalite.com\/index.php\/la-pratique-qi-gong\/\"]}]},{\"@type\":\"BreadcrumbList\",\"@id\":\"https:\/\/www.qigong-joie-vitalite.com\/index.php\/la-pratique-qi-gong\/#breadcrumb\",\"itemListElement\":[{\"@type\":\"ListItem\",\"position\":1,\"name\":\"Accueil\",\"item\":\"https:\/\/www.qigong-joie-vitalite.com\/\"},{\"@type\":\"ListItem\",\"position\":2,\"name\":\"La pratique\"}]},{\"@type\":\"WebSite\",\"@id\":\"https:\/\/www.qigong-joie-vitalite.com\/#website\",\"url\":\"https:\/\/www.qigong-joie-vitalite.com\/\",\"name\":\"Qi Gong\",\"description\":\"JOIE &amp; VITALITE\u00ae\",\"publisher\":{\"@id\":\"https:\/\/www.qigong-joie-vitalite.com\/#organization\"},\"potentialAction\":[{\"@type\":\"SearchAction\",\"target\":{\"@type\":\"EntryPoint\",\"urlTemplate\":\"https:\/\/www.qigong-joie-vitalite.com\/?s={search_term_string}\"},\"query-input\":{\"@type\":\"PropertyValueSpecification\",\"valueRequired\":true,\"valueName\":\"search_term_string\"}}],\"inLanguage\":\"fr-FR\"},{\"@type\":\"Organization\",\"@id\":\"https:\/\/www.qigong-joie-vitalite.com\/#organization\",\"name\":\"Qi Gong\",\"url\":\"https:\/\/www.qigong-joie-vitalite.com\/\",\"logo\":{\"@type\":\"ImageObject\",\"inLanguage\":\"fr-FR\",\"@id\":\"https:\/\/www.qigong-joie-vitalite.com\/#\/schema\/logo\/image\/\",\"url\":\"https:\/\/www.qigong-joie-vitalite.com\/wp-content\/uploads\/2019\/10\/cropped-qigong_cn.png\",\"contentUrl\":\"https:\/\/www.qigong-joie-vitalite.com\/wp-content\/uploads\/2019\/10\/cropped-qigong_cn.png\",\"width\":528,\"height\":250,\"caption\":\"Qi Gong\"},\"image\":{\"@id\":\"https:\/\/www.qigong-joie-vitalite.com\/#\/schema\/logo\/image\/\"}}]}<\/script>\n<!-- \/ Yoast SEO plugin. -->","yoast_head_json":{"title":"La pratique - Qi Gong","description":"La pratique du Qi gong","robots":{"index":"index","follow":"follow","max-snippet":"max-snippet:-1","max-image-preview":"max-image-preview:large","max-video-preview":"max-video-preview:-1"},"canonical":"https:\/\/www.qigong-joie-vitalite.com\/index.php\/la-pratique-qi-gong\/","og_locale":"fr_FR","og_type":"article","og_title":"La pratique - Qi Gong","og_description":"La pratique du Qi gong","og_url":"https:\/\/www.qigong-joie-vitalite.com\/index.php\/la-pratique-qi-gong\/","og_site_name":"Qi Gong","article_modified_time":"2023-10-07T17:00:57+00:00","twitter_card":"summary_large_image","twitter_misc":{"Dur\u00e9e de lecture estim\u00e9e":"3 minutes"},"schema":{"@context":"https:\/\/schema.org","@graph":[{"@type":"WebPage","@id":"https:\/\/www.qigong-joie-vitalite.com\/index.php\/la-pratique-qi-gong\/","url":"https:\/\/www.qigong-joie-vitalite.com\/index.php\/la-pratique-qi-gong\/","name":"La pratique - Qi Gong","isPartOf":{"@id":"https:\/\/www.qigong-joie-vitalite.com\/#website"},"datePublished":"2019-12-16T09:12:49+00:00","dateModified":"2023-10-07T17:00:57+00:00","description":"La pratique du Qi gong","breadcrumb":{"@id":"https:\/\/www.qigong-joie-vitalite.com\/index.php\/la-pratique-qi-gong\/#breadcrumb"},"inLanguage":"fr-FR","potentialAction":[{"@type":"ReadAction","target":["https:\/\/www.qigong-joie-vitalite.com\/index.php\/la-pratique-qi-gong\/"]}]},{"@type":"BreadcrumbList","@id":"https:\/\/www.qigong-joie-vitalite.com\/index.php\/la-pratique-qi-gong\/#breadcrumb","itemListElement":[{"@type":"ListItem","position":1,"name":"Accueil","item":"https:\/\/www.qigong-joie-vitalite.com\/"},{"@type":"ListItem","position":2,"name":"La pratique"}]},{"@type":"WebSite","@id":"https:\/\/www.qigong-joie-vitalite.com\/#website","url":"https:\/\/www.qigong-joie-vitalite.com\/","name":"Qi Gong","description":"JOIE &amp; VITALITE\u00ae","publisher":{"@id":"https:\/\/www.qigong-joie-vitalite.com\/#organization"},"potentialAction":[{"@type":"SearchAction","target":{"@type":"EntryPoint","urlTemplate":"https:\/\/www.qigong-joie-vitalite.com\/?s={search_term_string}"},"query-input":{"@type":"PropertyValueSpecification","valueRequired":true,"valueName":"search_term_string"}}],"inLanguage":"fr-FR"},{"@type":"Organization","@id":"https:\/\/www.qigong-joie-vitalite.com\/#organization","name":"Qi Gong","url":"https:\/\/www.qigong-joie-vitalite.com\/","logo":{"@type":"ImageObject","inLanguage":"fr-FR","@id":"https:\/\/www.qigong-joie-vitalite.com\/#\/schema\/logo\/image\/","url":"https:\/\/www.qigong-joie-vitalite.com\/wp-content\/uploads\/2019\/10\/cropped-qigong_cn.png","contentUrl":"https:\/\/www.qigong-joie-vitalite.com\/wp-content\/uploads\/2019\/10\/cropped-qigong_cn.png","width":528,"height":250,"caption":"Qi Gong"},"image":{"@id":"https:\/\/www.qigong-joie-vitalite.com\/#\/schema\/logo\/image\/"}}]}},"_links":{"self":[{"href":"https:\/\/www.qigong-joie-vitalite.com\/index.php\/wp-json\/wp\/v2\/pages\/299","targetHints":{"allow":["GET"]}}],"collection":[{"href":"https:\/\/www.qigong-joie-vitalite.com\/index.php\/wp-json\/wp\/v2\/pages"}],"about":[{"href":"https:\/\/www.qigong-joie-vitalite.com\/index.php\/wp-json\/wp\/v2\/types\/page"}],"author":[{"embeddable":true,"href":"https:\/\/www.qigong-joie-vitalite.com\/index.php\/wp-json\/wp\/v2\/users\/1"}],"replies":[{"embeddable":true,"href":"https:\/\/www.qigong-joie-vitalite.com\/index.php\/wp-json\/wp\/v2\/comments?post=299"}],"version-history":[{"count":37,"href":"https:\/\/www.qigong-joie-vitalite.com\/index.php\/wp-json\/wp\/v2\/pages\/299\/revisions"}],"predecessor-version":[{"id":706,"href":"https:\/\/www.qigong-joie-vitalite.com\/index.php\/wp-json\/wp\/v2\/pages\/299\/revisions\/706"}],"wp:attachment":[{"href":"https:\/\/www.qigong-joie-vitalite.com\/index.php\/wp-json\/wp\/v2\/media?parent=299"}],"curies":[{"name":"wp","href":"https:\/\/api.w.org\/{rel}","templated":true}]}}