{"id":283,"date":"2019-12-11T13:56:23","date_gmt":"2019-12-11T12:56:23","guid":{"rendered":"http:\/\/www.qigong-joie-vitalite.com\/?page_id=283"},"modified":"2024-09-08T17:04:15","modified_gmt":"2024-09-08T15:04:15","slug":"qi","status":"publish","type":"page","link":"https:\/\/www.qigong-joie-vitalite.com\/index.php\/qi\/","title":{"rendered":"Qi"},"content":{"rendered":"\n<blockquote class=\"wp-block-quote has-large-font-size is-layout-flow wp-block-quote-is-layout-flow\">\n<p class=\"has-text-align-center has-white-color has-text-color has-link-color has-large-font-size wp-elements-93c4f7efe24599a0639bd73d074f5f1c\">\u9053\u7081\u5e38\u5b58<br>dao qi chang cun<\/p>\n\n\n\n<p class=\"has-text-align-center has-white-color has-text-color has-link-color has-medium-font-size wp-elements-235486fd39a7aad2bcbad0806cdb4b95\">Le Qi du Dao existe perpe\u0301tuellement<\/p>\n<\/blockquote>\n\n\n\n<p style=\"text-align: center;\">Qi&nbsp; ( Prononcer \u00ab Tchi \u00bb )<\/p>\n<p style=\"text-align: center;\">Qi le Tao en son souffle premier, toujours renouvel\u00e9. Qi source immuable et \u00e9nergie de toutes les transformations.&nbsp;<\/p>\n<p style=\"text-align: center;\">&nbsp;Qi c\u2019est l\u2019\u00e9nergie, le souffle \u00e9nerg\u00e9tique originel, le souffle de vie.<\/p>\n<p style=\"text-align: center;\">Cette \u00e9nergie est universelle.<\/p>\n<p style=\"text-align: center;\">\u00ab L\u2019Homme (l\u2019humain) est dans le Qi, le Qi est dans l\u2019Homme \u00bb<\/p>\n<p style=\"text-align: center;\">&nbsp;<\/p>\n<p style=\"text-align: center;\">La pratique du Qi Gong permet \u00e0 chacun de vivre consciemment et naturellement avec cette \u00e9nergie Qi, cette \u00e9nergie de vie. Le Qi Gong permet d\u2019apprendre \u00e0 la cueillir, la rassembler, la concentrer, la raffiner, \u00e0 lib\u00e9rer sa circulation dans la confiance et la qui\u00e9tude.<\/p>\n<p style=\"text-align: center;\">La Voie du Qi renforce profond\u00e9ment la vitalit\u00e9 du corps et apaise subtilement l\u2019esprit, \u00ab&nbsp;nourrir sa vie sans jamais l\u2019\u00e9puiser&nbsp;\u00bb.<\/p>\n<p style=\"text-align: center;\">Yang Sheng \u00ab\u00a0Nourrir la Vie\u00a0\u00bb<\/p>\n<p style=\"text-align: center;\">Yang Sheng Shu l&rsquo;Art de nourrir la vie, notre vivant universel.<\/p>\n<p style=\"text-align: center;\">La Voie du Qi est la m\u00e8re de la M\u00e9decine Chinoise ainsi que de toute l\u2019\u00c9nerg\u00e9tique Chinoise. Au travers du Qi Gong Ancien, elle propose un Art de vivre qui s\u2019int\u00e8gre naturellement dans la vie quotidienne et harmonise toutes nos activit\u00e9s en douceur. Le Qi c\u2019est aussi l\u2019esprit parfait qui remplit tout, l\u2019influx premier qui circule partout.<\/p>\n<p style=\"text-align: center;\">&nbsp;<\/p>\n<p style=\"text-align: center;\">&nbsp;<\/p>\n<p style=\"text-align: center;\">J\u00e9r\u00f4me Quet<\/p>\n\n\n<div class=\"wp-block-image\">\n<figure class=\"aligncenter size-large\"><img loading=\"lazy\" decoding=\"async\" width=\"307\" height=\"321\" src=\"https:\/\/www.qigong-joie-vitalite.com\/wp-content\/uploads\/2019\/12\/qi-qigong.png\" alt=\"\" class=\"wp-image-314\" srcset=\"https:\/\/www.qigong-joie-vitalite.com\/wp-content\/uploads\/2019\/12\/qi-qigong.png 307w, https:\/\/www.qigong-joie-vitalite.com\/wp-content\/uploads\/2019\/12\/qi-qigong-287x300.png 287w\" sizes=\"auto, (max-width: 307px) 100vw, 307px\" \/><\/figure><\/div>\n\n\n<p style=\"text-align: right;\">\u00ab\u00a0Caract\u00e8re Qi, utilis\u00e9 par les Tao\u00efstes, en haut Wu le Vide, dessous la cl\u00e9 du Feu\u00a0 (Chaleur vitale, potentiel de toute activit\u00e9)\u00a0\u00bb<\/p>\n","protected":false},"excerpt":{"rendered":"<p>\u9053\u7081\u5e38\u5b58dao qi chang cun Le Qi du Dao existe perpe\u0301tuellement Qi&nbsp; ( Prononcer \u00ab Tchi \u00bb ) Qi le Tao en son souffle premier, toujours renouvel\u00e9. Qi source immuable et \u00e9nergie de toutes les transformations.&nbsp; &nbsp;Qi c\u2019est l\u2019\u00e9nergie, le souffle \u00e9nerg\u00e9tique originel, le souffle de vie. Cette \u00e9nergie est universelle. \u00ab L\u2019Homme (l\u2019humain) est dans &hellip; <\/p>\n<p class=\"link-more\"><a href=\"https:\/\/www.qigong-joie-vitalite.com\/index.php\/qi\/\" class=\"more-link\">Continuer la lecture<span class=\"screen-reader-text\"> de &laquo;&nbsp;Qi&nbsp;&raquo;<\/span><\/a><\/p>\n","protected":false},"author":1,"featured_media":0,"parent":0,"menu_order":0,"comment_status":"closed","ping_status":"closed","template":"","meta":{"footnotes":""},"class_list":["post-283","page","type-page","status-publish","hentry"],"yoast_head":"<!-- This site is optimized with the Yoast SEO plugin v25.2 - https:\/\/yoast.com\/wordpress\/plugins\/seo\/ -->\n<title>Qi - Qi Gong<\/title>\n<meta name=\"robots\" content=\"index, follow, max-snippet:-1, max-image-preview:large, max-video-preview:-1\" \/>\n<link rel=\"canonical\" href=\"https:\/\/www.qigong-joie-vitalite.com\/index.php\/qi\/\" \/>\n<meta property=\"og:locale\" content=\"fr_FR\" \/>\n<meta property=\"og:type\" content=\"article\" \/>\n<meta property=\"og:title\" content=\"Qi - Qi Gong\" \/>\n<meta property=\"og:description\" content=\"\u9053\u7081\u5e38\u5b58dao qi chang cun Le Qi du Dao existe perpe\u0301tuellement Qi&nbsp; ( Prononcer \u00ab Tchi \u00bb ) Qi le Tao en son souffle premier, toujours renouvel\u00e9. Qi source immuable et \u00e9nergie de toutes les transformations.&nbsp; &nbsp;Qi c\u2019est l\u2019\u00e9nergie, le souffle \u00e9nerg\u00e9tique originel, le souffle de vie. Cette \u00e9nergie est universelle. \u00ab L\u2019Homme (l\u2019humain) est dans &hellip; Continuer la lecture de &laquo;&nbsp;Qi&nbsp;&raquo;\" \/>\n<meta property=\"og:url\" content=\"https:\/\/www.qigong-joie-vitalite.com\/index.php\/qi\/\" \/>\n<meta property=\"og:site_name\" content=\"Qi Gong\" \/>\n<meta property=\"article:modified_time\" content=\"2024-09-08T15:04:15+00:00\" \/>\n<meta property=\"og:image\" content=\"https:\/\/www.qigong-joie-vitalite.com\/wp-content\/uploads\/2019\/12\/qi-qigong.png\" \/>\n<meta name=\"twitter:card\" content=\"summary_large_image\" \/>\n<meta name=\"twitter:label1\" content=\"Dur\u00e9e de lecture estim\u00e9e\" \/>\n\t<meta name=\"twitter:data1\" content=\"2 minutes\" \/>\n<script type=\"application\/ld+json\" class=\"yoast-schema-graph\">{\"@context\":\"https:\/\/schema.org\",\"@graph\":[{\"@type\":\"WebPage\",\"@id\":\"https:\/\/www.qigong-joie-vitalite.com\/index.php\/qi\/\",\"url\":\"https:\/\/www.qigong-joie-vitalite.com\/index.php\/qi\/\",\"name\":\"Qi - Qi Gong\",\"isPartOf\":{\"@id\":\"https:\/\/www.qigong-joie-vitalite.com\/#website\"},\"primaryImageOfPage\":{\"@id\":\"https:\/\/www.qigong-joie-vitalite.com\/index.php\/qi\/#primaryimage\"},\"image\":{\"@id\":\"https:\/\/www.qigong-joie-vitalite.com\/index.php\/qi\/#primaryimage\"},\"thumbnailUrl\":\"https:\/\/www.qigong-joie-vitalite.com\/wp-content\/uploads\/2019\/12\/qi-qigong.png\",\"datePublished\":\"2019-12-11T12:56:23+00:00\",\"dateModified\":\"2024-09-08T15:04:15+00:00\",\"breadcrumb\":{\"@id\":\"https:\/\/www.qigong-joie-vitalite.com\/index.php\/qi\/#breadcrumb\"},\"inLanguage\":\"fr-FR\",\"potentialAction\":[{\"@type\":\"ReadAction\",\"target\":[\"https:\/\/www.qigong-joie-vitalite.com\/index.php\/qi\/\"]}]},{\"@type\":\"ImageObject\",\"inLanguage\":\"fr-FR\",\"@id\":\"https:\/\/www.qigong-joie-vitalite.com\/index.php\/qi\/#primaryimage\",\"url\":\"https:\/\/www.qigong-joie-vitalite.com\/wp-content\/uploads\/2019\/12\/qi-qigong.png\",\"contentUrl\":\"https:\/\/www.qigong-joie-vitalite.com\/wp-content\/uploads\/2019\/12\/qi-qigong.png\",\"width\":307,\"height\":321},{\"@type\":\"BreadcrumbList\",\"@id\":\"https:\/\/www.qigong-joie-vitalite.com\/index.php\/qi\/#breadcrumb\",\"itemListElement\":[{\"@type\":\"ListItem\",\"position\":1,\"name\":\"Accueil\",\"item\":\"https:\/\/www.qigong-joie-vitalite.com\/\"},{\"@type\":\"ListItem\",\"position\":2,\"name\":\"Qi\"}]},{\"@type\":\"WebSite\",\"@id\":\"https:\/\/www.qigong-joie-vitalite.com\/#website\",\"url\":\"https:\/\/www.qigong-joie-vitalite.com\/\",\"name\":\"Qi Gong\",\"description\":\"JOIE &amp; VITALITE\u00ae\",\"publisher\":{\"@id\":\"https:\/\/www.qigong-joie-vitalite.com\/#organization\"},\"potentialAction\":[{\"@type\":\"SearchAction\",\"target\":{\"@type\":\"EntryPoint\",\"urlTemplate\":\"https:\/\/www.qigong-joie-vitalite.com\/?s={search_term_string}\"},\"query-input\":{\"@type\":\"PropertyValueSpecification\",\"valueRequired\":true,\"valueName\":\"search_term_string\"}}],\"inLanguage\":\"fr-FR\"},{\"@type\":\"Organization\",\"@id\":\"https:\/\/www.qigong-joie-vitalite.com\/#organization\",\"name\":\"Qi Gong\",\"url\":\"https:\/\/www.qigong-joie-vitalite.com\/\",\"logo\":{\"@type\":\"ImageObject\",\"inLanguage\":\"fr-FR\",\"@id\":\"https:\/\/www.qigong-joie-vitalite.com\/#\/schema\/logo\/image\/\",\"url\":\"https:\/\/www.qigong-joie-vitalite.com\/wp-content\/uploads\/2019\/10\/cropped-qigong_cn.png\",\"contentUrl\":\"https:\/\/www.qigong-joie-vitalite.com\/wp-content\/uploads\/2019\/10\/cropped-qigong_cn.png\",\"width\":528,\"height\":250,\"caption\":\"Qi Gong\"},\"image\":{\"@id\":\"https:\/\/www.qigong-joie-vitalite.com\/#\/schema\/logo\/image\/\"}}]}<\/script>\n<!-- \/ Yoast SEO plugin. -->","yoast_head_json":{"title":"Qi - Qi Gong","robots":{"index":"index","follow":"follow","max-snippet":"max-snippet:-1","max-image-preview":"max-image-preview:large","max-video-preview":"max-video-preview:-1"},"canonical":"https:\/\/www.qigong-joie-vitalite.com\/index.php\/qi\/","og_locale":"fr_FR","og_type":"article","og_title":"Qi - Qi Gong","og_description":"\u9053\u7081\u5e38\u5b58dao qi chang cun Le Qi du Dao existe perpe\u0301tuellement Qi&nbsp; ( Prononcer \u00ab Tchi \u00bb ) Qi le Tao en son souffle premier, toujours renouvel\u00e9. Qi source immuable et \u00e9nergie de toutes les transformations.&nbsp; &nbsp;Qi c\u2019est l\u2019\u00e9nergie, le souffle \u00e9nerg\u00e9tique originel, le souffle de vie. Cette \u00e9nergie est universelle. \u00ab L\u2019Homme (l\u2019humain) est dans &hellip; Continuer la lecture de &laquo;&nbsp;Qi&nbsp;&raquo;","og_url":"https:\/\/www.qigong-joie-vitalite.com\/index.php\/qi\/","og_site_name":"Qi Gong","article_modified_time":"2024-09-08T15:04:15+00:00","og_image":[{"url":"https:\/\/www.qigong-joie-vitalite.com\/wp-content\/uploads\/2019\/12\/qi-qigong.png","type":"","width":"","height":""}],"twitter_card":"summary_large_image","twitter_misc":{"Dur\u00e9e de lecture estim\u00e9e":"2 minutes"},"schema":{"@context":"https:\/\/schema.org","@graph":[{"@type":"WebPage","@id":"https:\/\/www.qigong-joie-vitalite.com\/index.php\/qi\/","url":"https:\/\/www.qigong-joie-vitalite.com\/index.php\/qi\/","name":"Qi - Qi Gong","isPartOf":{"@id":"https:\/\/www.qigong-joie-vitalite.com\/#website"},"primaryImageOfPage":{"@id":"https:\/\/www.qigong-joie-vitalite.com\/index.php\/qi\/#primaryimage"},"image":{"@id":"https:\/\/www.qigong-joie-vitalite.com\/index.php\/qi\/#primaryimage"},"thumbnailUrl":"https:\/\/www.qigong-joie-vitalite.com\/wp-content\/uploads\/2019\/12\/qi-qigong.png","datePublished":"2019-12-11T12:56:23+00:00","dateModified":"2024-09-08T15:04:15+00:00","breadcrumb":{"@id":"https:\/\/www.qigong-joie-vitalite.com\/index.php\/qi\/#breadcrumb"},"inLanguage":"fr-FR","potentialAction":[{"@type":"ReadAction","target":["https:\/\/www.qigong-joie-vitalite.com\/index.php\/qi\/"]}]},{"@type":"ImageObject","inLanguage":"fr-FR","@id":"https:\/\/www.qigong-joie-vitalite.com\/index.php\/qi\/#primaryimage","url":"https:\/\/www.qigong-joie-vitalite.com\/wp-content\/uploads\/2019\/12\/qi-qigong.png","contentUrl":"https:\/\/www.qigong-joie-vitalite.com\/wp-content\/uploads\/2019\/12\/qi-qigong.png","width":307,"height":321},{"@type":"BreadcrumbList","@id":"https:\/\/www.qigong-joie-vitalite.com\/index.php\/qi\/#breadcrumb","itemListElement":[{"@type":"ListItem","position":1,"name":"Accueil","item":"https:\/\/www.qigong-joie-vitalite.com\/"},{"@type":"ListItem","position":2,"name":"Qi"}]},{"@type":"WebSite","@id":"https:\/\/www.qigong-joie-vitalite.com\/#website","url":"https:\/\/www.qigong-joie-vitalite.com\/","name":"Qi Gong","description":"JOIE &amp; VITALITE\u00ae","publisher":{"@id":"https:\/\/www.qigong-joie-vitalite.com\/#organization"},"potentialAction":[{"@type":"SearchAction","target":{"@type":"EntryPoint","urlTemplate":"https:\/\/www.qigong-joie-vitalite.com\/?s={search_term_string}"},"query-input":{"@type":"PropertyValueSpecification","valueRequired":true,"valueName":"search_term_string"}}],"inLanguage":"fr-FR"},{"@type":"Organization","@id":"https:\/\/www.qigong-joie-vitalite.com\/#organization","name":"Qi Gong","url":"https:\/\/www.qigong-joie-vitalite.com\/","logo":{"@type":"ImageObject","inLanguage":"fr-FR","@id":"https:\/\/www.qigong-joie-vitalite.com\/#\/schema\/logo\/image\/","url":"https:\/\/www.qigong-joie-vitalite.com\/wp-content\/uploads\/2019\/10\/cropped-qigong_cn.png","contentUrl":"https:\/\/www.qigong-joie-vitalite.com\/wp-content\/uploads\/2019\/10\/cropped-qigong_cn.png","width":528,"height":250,"caption":"Qi Gong"},"image":{"@id":"https:\/\/www.qigong-joie-vitalite.com\/#\/schema\/logo\/image\/"}}]}},"_links":{"self":[{"href":"https:\/\/www.qigong-joie-vitalite.com\/index.php\/wp-json\/wp\/v2\/pages\/283","targetHints":{"allow":["GET"]}}],"collection":[{"href":"https:\/\/www.qigong-joie-vitalite.com\/index.php\/wp-json\/wp\/v2\/pages"}],"about":[{"href":"https:\/\/www.qigong-joie-vitalite.com\/index.php\/wp-json\/wp\/v2\/types\/page"}],"author":[{"embeddable":true,"href":"https:\/\/www.qigong-joie-vitalite.com\/index.php\/wp-json\/wp\/v2\/users\/1"}],"replies":[{"embeddable":true,"href":"https:\/\/www.qigong-joie-vitalite.com\/index.php\/wp-json\/wp\/v2\/comments?post=283"}],"version-history":[{"count":28,"href":"https:\/\/www.qigong-joie-vitalite.com\/index.php\/wp-json\/wp\/v2\/pages\/283\/revisions"}],"predecessor-version":[{"id":784,"href":"https:\/\/www.qigong-joie-vitalite.com\/index.php\/wp-json\/wp\/v2\/pages\/283\/revisions\/784"}],"wp:attachment":[{"href":"https:\/\/www.qigong-joie-vitalite.com\/index.php\/wp-json\/wp\/v2\/media?parent=283"}],"curies":[{"name":"wp","href":"https:\/\/api.w.org\/{rel}","templated":true}]}}