{"id":109,"date":"2019-11-13T15:34:24","date_gmt":"2019-11-13T14:34:24","guid":{"rendered":"http:\/\/www.qigong-joie-vitalite.com\/?page_id=109"},"modified":"2026-01-25T20:29:18","modified_gmt":"2026-01-25T19:29:18","slug":"cours-qi-gong","status":"publish","type":"page","link":"https:\/\/www.qigong-joie-vitalite.com\/index.php\/cours-qi-gong\/","title":{"rendered":"O\u00f9 pratiquer"},"content":{"rendered":"\n<p style=\"text-align: center;\">L&rsquo;enseignement de la pratique se fait en visio et en pr\u00e9sentiel.<\/p>\n<p style=\"text-align: center;\">La Visio n\u2019ajoute pas de difficult\u00e9s majeures \u00e0 la transmission, \u00e0 l\u2019apprentissage<\/p>\n<p style=\"text-align: center;\">et au perfectionnement de la pratique du Qi Gong et de la M\u00e9ditation.<\/p>\n<p style=\"text-align: center;\">L\u2019adaptation p\u00e9dagogique est ais\u00e9e et accompagn\u00e9e par le professeur.<\/p>\n<p>\u00a0<\/p>\n<p style=\"text-align: center;\"><strong>Qi Gong Ancien\u00a0<\/strong><\/p>\n<p style=\"text-align: center;\">choix de 1 ou 2 s\u00e9ances par semaine<\/p>\n<p style=\"text-align: center;\">le lundi de 20h \u00e0 21h30<\/p>\n<p style=\"text-align: center;\">le jeudi de 20h \u00e0 21h30<\/p>\n<p style=\"text-align: center;\">Master Classes, r\u00e9guli\u00e8rement le dimanche de 9h30 \u00e0 13h30<\/p>\n<p>\u00a0<\/p>\n<p style=\"text-align: center;\"><strong>M\u00e9ditation<\/strong><\/p>\n<p style=\"text-align: center;\">choix de 1 ou 2 s\u00e9ances par semaine<\/p>\n<p style=\"text-align: center;\">Mardi \u2013 M\u00e9ditation matinale de 6H30 \u00e0 7H40<\/p>\n<p style=\"text-align: center;\">Mercredi \u2013 M\u00e9ditation nocturne de 21h30 \u00e0 22H30<\/p>\n<p>\u00a0<\/p>\n<p style=\"text-align: center;\"><strong>Stages en pr\u00e9sentiels<\/strong><\/p>\n<p style=\"text-align: center;\">Paris :<\/p>\n<p style=\"text-align: center;\">22-23 Novembre 2025<br \/>14-15 F\u00e9vrier 2026<br \/>31-31 Mai 2026<\/p>\n<p style=\"text-align: center;\">Bourgogne :<\/p>\n<p style=\"text-align: center;\">3-4-5 Avril 2026<\/p>\n<p style=\"text-align: center;\"><strong>Stage d&rsquo;\u00e9t\u00e9 <\/strong><\/p>\n<p style=\"text-align: center;\">Normandie :<\/p>\n<p style=\"text-align: center;\">2-3-4-5 Juillet 2026<\/p>\n<p>\u00a0<\/p>\n<p style=\"text-align: center;\"><strong>Cours particuliers tous les jours et WE<\/strong><\/p>\n<p>\u00a0<\/p>\n\n\n\n<p class=\"has-text-align-center\">+33 (0)7 82 26 47 64<\/p>\n\n\n\n<p class=\"has-text-align-center\"> jerome.quet@gmail.com<\/p>\n\n\n\n<p><\/p>\n","protected":false},"excerpt":{"rendered":"<p>L&rsquo;enseignement de la pratique se fait en visio et en pr\u00e9sentiel. La Visio n\u2019ajoute pas de difficult\u00e9s majeures \u00e0 la transmission, \u00e0 l\u2019apprentissage et au perfectionnement de la pratique du Qi Gong et de la M\u00e9ditation. L\u2019adaptation p\u00e9dagogique est ais\u00e9e et accompagn\u00e9e par le professeur. \u00a0 Qi Gong Ancien\u00a0 choix de 1 ou 2 s\u00e9ances &hellip; <\/p>\n<p class=\"link-more\"><a href=\"https:\/\/www.qigong-joie-vitalite.com\/index.php\/cours-qi-gong\/\" class=\"more-link\">Continuer la lecture<span class=\"screen-reader-text\"> de &laquo;&nbsp;O\u00f9 pratiquer&nbsp;&raquo;<\/span><\/a><\/p>\n","protected":false},"author":1,"featured_media":0,"parent":0,"menu_order":0,"comment_status":"closed","ping_status":"closed","template":"","meta":{"footnotes":""},"class_list":["post-109","page","type-page","status-publish","hentry"],"yoast_head":"<!-- This site is optimized with the Yoast SEO plugin v25.2 - https:\/\/yoast.com\/wordpress\/plugins\/seo\/ -->\n<title>O\u00f9 pratiquer - Qi Gong<\/title>\n<meta name=\"description\" content=\"O\u00f9 pratiquer les cours de Qi gong \u00e0 Paris\" \/>\n<meta name=\"robots\" content=\"index, follow, max-snippet:-1, max-image-preview:large, max-video-preview:-1\" \/>\n<link rel=\"canonical\" href=\"https:\/\/www.qigong-joie-vitalite.com\/index.php\/cours-qi-gong\/\" \/>\n<meta property=\"og:locale\" content=\"fr_FR\" \/>\n<meta property=\"og:type\" content=\"article\" \/>\n<meta property=\"og:title\" content=\"O\u00f9 pratiquer - Qi Gong\" \/>\n<meta property=\"og:description\" content=\"O\u00f9 pratiquer les cours de Qi gong \u00e0 Paris\" \/>\n<meta property=\"og:url\" content=\"https:\/\/www.qigong-joie-vitalite.com\/index.php\/cours-qi-gong\/\" \/>\n<meta property=\"og:site_name\" content=\"Qi Gong\" \/>\n<meta property=\"article:modified_time\" content=\"2026-01-25T19:29:18+00:00\" \/>\n<meta name=\"twitter:card\" content=\"summary_large_image\" \/>\n<meta name=\"twitter:label1\" content=\"Dur\u00e9e de lecture estim\u00e9e\" \/>\n\t<meta name=\"twitter:data1\" content=\"1 minute\" \/>\n<script type=\"application\/ld+json\" class=\"yoast-schema-graph\">{\"@context\":\"https:\/\/schema.org\",\"@graph\":[{\"@type\":\"WebPage\",\"@id\":\"https:\/\/www.qigong-joie-vitalite.com\/index.php\/cours-qi-gong\/\",\"url\":\"https:\/\/www.qigong-joie-vitalite.com\/index.php\/cours-qi-gong\/\",\"name\":\"O\u00f9 pratiquer - Qi Gong\",\"isPartOf\":{\"@id\":\"https:\/\/www.qigong-joie-vitalite.com\/#website\"},\"datePublished\":\"2019-11-13T14:34:24+00:00\",\"dateModified\":\"2026-01-25T19:29:18+00:00\",\"description\":\"O\u00f9 pratiquer les cours de Qi gong \u00e0 Paris\",\"breadcrumb\":{\"@id\":\"https:\/\/www.qigong-joie-vitalite.com\/index.php\/cours-qi-gong\/#breadcrumb\"},\"inLanguage\":\"fr-FR\",\"potentialAction\":[{\"@type\":\"ReadAction\",\"target\":[\"https:\/\/www.qigong-joie-vitalite.com\/index.php\/cours-qi-gong\/\"]}]},{\"@type\":\"BreadcrumbList\",\"@id\":\"https:\/\/www.qigong-joie-vitalite.com\/index.php\/cours-qi-gong\/#breadcrumb\",\"itemListElement\":[{\"@type\":\"ListItem\",\"position\":1,\"name\":\"Accueil\",\"item\":\"https:\/\/www.qigong-joie-vitalite.com\/\"},{\"@type\":\"ListItem\",\"position\":2,\"name\":\"O\u00f9 pratiquer\"}]},{\"@type\":\"WebSite\",\"@id\":\"https:\/\/www.qigong-joie-vitalite.com\/#website\",\"url\":\"https:\/\/www.qigong-joie-vitalite.com\/\",\"name\":\"Qi Gong\",\"description\":\"JOIE &amp; VITALITE\u00ae\",\"publisher\":{\"@id\":\"https:\/\/www.qigong-joie-vitalite.com\/#organization\"},\"potentialAction\":[{\"@type\":\"SearchAction\",\"target\":{\"@type\":\"EntryPoint\",\"urlTemplate\":\"https:\/\/www.qigong-joie-vitalite.com\/?s={search_term_string}\"},\"query-input\":{\"@type\":\"PropertyValueSpecification\",\"valueRequired\":true,\"valueName\":\"search_term_string\"}}],\"inLanguage\":\"fr-FR\"},{\"@type\":\"Organization\",\"@id\":\"https:\/\/www.qigong-joie-vitalite.com\/#organization\",\"name\":\"Qi Gong\",\"url\":\"https:\/\/www.qigong-joie-vitalite.com\/\",\"logo\":{\"@type\":\"ImageObject\",\"inLanguage\":\"fr-FR\",\"@id\":\"https:\/\/www.qigong-joie-vitalite.com\/#\/schema\/logo\/image\/\",\"url\":\"https:\/\/www.qigong-joie-vitalite.com\/wp-content\/uploads\/2019\/10\/cropped-qigong_cn.png\",\"contentUrl\":\"https:\/\/www.qigong-joie-vitalite.com\/wp-content\/uploads\/2019\/10\/cropped-qigong_cn.png\",\"width\":528,\"height\":250,\"caption\":\"Qi Gong\"},\"image\":{\"@id\":\"https:\/\/www.qigong-joie-vitalite.com\/#\/schema\/logo\/image\/\"}}]}<\/script>\n<!-- \/ Yoast SEO plugin. -->","yoast_head_json":{"title":"O\u00f9 pratiquer - Qi Gong","description":"O\u00f9 pratiquer les cours de Qi gong \u00e0 Paris","robots":{"index":"index","follow":"follow","max-snippet":"max-snippet:-1","max-image-preview":"max-image-preview:large","max-video-preview":"max-video-preview:-1"},"canonical":"https:\/\/www.qigong-joie-vitalite.com\/index.php\/cours-qi-gong\/","og_locale":"fr_FR","og_type":"article","og_title":"O\u00f9 pratiquer - Qi Gong","og_description":"O\u00f9 pratiquer les cours de Qi gong \u00e0 Paris","og_url":"https:\/\/www.qigong-joie-vitalite.com\/index.php\/cours-qi-gong\/","og_site_name":"Qi Gong","article_modified_time":"2026-01-25T19:29:18+00:00","twitter_card":"summary_large_image","twitter_misc":{"Dur\u00e9e de lecture estim\u00e9e":"1 minute"},"schema":{"@context":"https:\/\/schema.org","@graph":[{"@type":"WebPage","@id":"https:\/\/www.qigong-joie-vitalite.com\/index.php\/cours-qi-gong\/","url":"https:\/\/www.qigong-joie-vitalite.com\/index.php\/cours-qi-gong\/","name":"O\u00f9 pratiquer - Qi Gong","isPartOf":{"@id":"https:\/\/www.qigong-joie-vitalite.com\/#website"},"datePublished":"2019-11-13T14:34:24+00:00","dateModified":"2026-01-25T19:29:18+00:00","description":"O\u00f9 pratiquer les cours de Qi gong \u00e0 Paris","breadcrumb":{"@id":"https:\/\/www.qigong-joie-vitalite.com\/index.php\/cours-qi-gong\/#breadcrumb"},"inLanguage":"fr-FR","potentialAction":[{"@type":"ReadAction","target":["https:\/\/www.qigong-joie-vitalite.com\/index.php\/cours-qi-gong\/"]}]},{"@type":"BreadcrumbList","@id":"https:\/\/www.qigong-joie-vitalite.com\/index.php\/cours-qi-gong\/#breadcrumb","itemListElement":[{"@type":"ListItem","position":1,"name":"Accueil","item":"https:\/\/www.qigong-joie-vitalite.com\/"},{"@type":"ListItem","position":2,"name":"O\u00f9 pratiquer"}]},{"@type":"WebSite","@id":"https:\/\/www.qigong-joie-vitalite.com\/#website","url":"https:\/\/www.qigong-joie-vitalite.com\/","name":"Qi Gong","description":"JOIE &amp; VITALITE\u00ae","publisher":{"@id":"https:\/\/www.qigong-joie-vitalite.com\/#organization"},"potentialAction":[{"@type":"SearchAction","target":{"@type":"EntryPoint","urlTemplate":"https:\/\/www.qigong-joie-vitalite.com\/?s={search_term_string}"},"query-input":{"@type":"PropertyValueSpecification","valueRequired":true,"valueName":"search_term_string"}}],"inLanguage":"fr-FR"},{"@type":"Organization","@id":"https:\/\/www.qigong-joie-vitalite.com\/#organization","name":"Qi Gong","url":"https:\/\/www.qigong-joie-vitalite.com\/","logo":{"@type":"ImageObject","inLanguage":"fr-FR","@id":"https:\/\/www.qigong-joie-vitalite.com\/#\/schema\/logo\/image\/","url":"https:\/\/www.qigong-joie-vitalite.com\/wp-content\/uploads\/2019\/10\/cropped-qigong_cn.png","contentUrl":"https:\/\/www.qigong-joie-vitalite.com\/wp-content\/uploads\/2019\/10\/cropped-qigong_cn.png","width":528,"height":250,"caption":"Qi Gong"},"image":{"@id":"https:\/\/www.qigong-joie-vitalite.com\/#\/schema\/logo\/image\/"}}]}},"_links":{"self":[{"href":"https:\/\/www.qigong-joie-vitalite.com\/index.php\/wp-json\/wp\/v2\/pages\/109","targetHints":{"allow":["GET"]}}],"collection":[{"href":"https:\/\/www.qigong-joie-vitalite.com\/index.php\/wp-json\/wp\/v2\/pages"}],"about":[{"href":"https:\/\/www.qigong-joie-vitalite.com\/index.php\/wp-json\/wp\/v2\/types\/page"}],"author":[{"embeddable":true,"href":"https:\/\/www.qigong-joie-vitalite.com\/index.php\/wp-json\/wp\/v2\/users\/1"}],"replies":[{"embeddable":true,"href":"https:\/\/www.qigong-joie-vitalite.com\/index.php\/wp-json\/wp\/v2\/comments?post=109"}],"version-history":[{"count":45,"href":"https:\/\/www.qigong-joie-vitalite.com\/index.php\/wp-json\/wp\/v2\/pages\/109\/revisions"}],"predecessor-version":[{"id":1136,"href":"https:\/\/www.qigong-joie-vitalite.com\/index.php\/wp-json\/wp\/v2\/pages\/109\/revisions\/1136"}],"wp:attachment":[{"href":"https:\/\/www.qigong-joie-vitalite.com\/index.php\/wp-json\/wp\/v2\/media?parent=109"}],"curies":[{"name":"wp","href":"https:\/\/api.w.org\/{rel}","templated":true}]}}